{"id":10055,"date":"2021-02-26T17:37:57","date_gmt":"2021-02-26T16:37:57","guid":{"rendered":"http:\/\/www.re-elektroshop.at\/?product=leistungsschuetz-3kw-7a-ac3-1-s-17-30vdc-00-2"},"modified":"2021-02-26T17:38:04","modified_gmt":"2021-02-26T16:38:04","slug":"leistungsschuetz-3kw-7a-ac3-1-s-17-30vdc-00-2","status":"publish","type":"product","link":"https:\/\/www.re-elektroshop.at\/?product=leistungsschuetz-3kw-7a-ac3-1-s-17-30vdc-00-2","title":{"rendered":"Leistungssch\u00fctz, 3kW, 7A AC3, 1 S, 17-30VDC, 00"},"content":{"rendered":"<p>LSSD071G&#8211;<\/p>\n<p>LSD, LSS Sch\u00fctze zum Schalten von Motoren, 3-polig, Baugr\u00f6\u00dfe 00Elektromechanische Sch\u00fctze Serie ALEA LS<\/p>\n","protected":false},"excerpt":{"rendered":"<p>LSSD071G&#8211; LSD, LSS Sch\u00fctze zum Schalten von Motoren, 3-polig, Baugr\u00f6\u00dfe 00Elektromechanische Sch\u00fctze Serie ALEA LS<\/p>\n","protected":false},"featured_media":10056,"comment_status":"closed","ping_status":"open","template":"","meta":[],"_links":{"self":[{"href":"https:\/\/www.re-elektroshop.at\/index.php?rest_route=\/wp\/v2\/product\/10055"}],"collection":[{"href":"https:\/\/www.re-elektroshop.at\/index.php?rest_route=\/wp\/v2\/product"}],"about":[{"href":"https:\/\/www.re-elektroshop.at\/index.php?rest_route=\/wp\/v2\/types\/product"}],"replies":[{"embeddable":true,"href":"https:\/\/www.re-elektroshop.at\/index.php?rest_route=%2Fwp%2Fv2%2Fcomments&post=10055"}],"wp:featuredmedia":[{"embeddable":true,"href":"https:\/\/www.re-elektroshop.at\/index.php?rest_route=\/wp\/v2\/media\/10056"}],"wp:attachment":[{"href":"https:\/\/www.re-elektroshop.at\/index.php?rest_route=%2Fwp%2Fv2%2Fmedia&parent=10055"}],"curies":[{"name":"wp","href":"https:\/\/api.w.org\/{rel}","templated":true}]}}