{"id":10150,"date":"2021-02-26T17:39:15","date_gmt":"2021-02-26T16:39:15","guid":{"rendered":"http:\/\/www.re-elektroshop.at\/?product=thermisches-ueberlastrelais-1400-2000a-baugroesse-0-2"},"modified":"2021-02-26T17:39:31","modified_gmt":"2021-02-26T16:39:31","slug":"thermisches-ueberlastrelais-1400-2000a-baugroesse-0-2","status":"publish","type":"product","link":"https:\/\/www.re-elektroshop.at\/?product=thermisches-ueberlastrelais-1400-2000a-baugroesse-0-2","title":{"rendered":"Thermisches \u00dcberlastrelais 14,00-20,00A, Baugr\u00f6\u00dfe 0"},"content":{"rendered":"<p>LST02000&#8211;<\/p>\n<p>Thermische \u00dcberlastrelais LST, Baugr\u00f6\u00dfe 0Thermische \u00dcberlastrelais Serie ALEA LST<\/p>\n","protected":false},"excerpt":{"rendered":"<p>LST02000&#8211; Thermische \u00dcberlastrelais LST, Baugr\u00f6\u00dfe 0Thermische \u00dcberlastrelais Serie ALEA LST<\/p>\n","protected":false},"featured_media":10151,"comment_status":"closed","ping_status":"open","template":"","meta":[],"_links":{"self":[{"href":"https:\/\/www.re-elektroshop.at\/index.php?rest_route=\/wp\/v2\/product\/10150"}],"collection":[{"href":"https:\/\/www.re-elektroshop.at\/index.php?rest_route=\/wp\/v2\/product"}],"about":[{"href":"https:\/\/www.re-elektroshop.at\/index.php?rest_route=\/wp\/v2\/types\/product"}],"replies":[{"embeddable":true,"href":"https:\/\/www.re-elektroshop.at\/index.php?rest_route=%2Fwp%2Fv2%2Fcomments&post=10150"}],"wp:featuredmedia":[{"embeddable":true,"href":"https:\/\/www.re-elektroshop.at\/index.php?rest_route=\/wp\/v2\/media\/10151"}],"wp:attachment":[{"href":"https:\/\/www.re-elektroshop.at\/index.php?rest_route=%2Fwp%2Fv2%2Fmedia&parent=10150"}],"curies":[{"name":"wp","href":"https:\/\/api.w.org\/{rel}","templated":true}]}}