{"id":10175,"date":"2021-02-26T17:39:36","date_gmt":"2021-02-26T16:39:36","guid":{"rendered":"http:\/\/www.re-elektroshop.at\/?product=thermisches-ueberlastrelais-2200-3200a-baugroesse-2-2"},"modified":"2021-02-26T17:39:44","modified_gmt":"2021-02-26T16:39:44","slug":"thermisches-ueberlastrelais-2200-3200a-baugroesse-2-2","status":"publish","type":"product","link":"https:\/\/www.re-elektroshop.at\/?product=thermisches-ueberlastrelais-2200-3200a-baugroesse-2-2","title":{"rendered":"Thermisches \u00dcberlastrelais 22,00-32,00A, Baugr\u00f6\u00dfe 2"},"content":{"rendered":"<p>LST23200&#8211;<\/p>\n<p>Thermische \u00dcberlastrelais LST, Baugr\u00f6\u00dfe 2Thermische \u00dcberlastrelais Serie ALEA LST<\/p>\n","protected":false},"excerpt":{"rendered":"<p>LST23200&#8211; Thermische \u00dcberlastrelais LST, Baugr\u00f6\u00dfe 2Thermische \u00dcberlastrelais Serie ALEA LST<\/p>\n","protected":false},"featured_media":10176,"comment_status":"closed","ping_status":"open","template":"","meta":[],"_links":{"self":[{"href":"https:\/\/www.re-elektroshop.at\/index.php?rest_route=\/wp\/v2\/product\/10175"}],"collection":[{"href":"https:\/\/www.re-elektroshop.at\/index.php?rest_route=\/wp\/v2\/product"}],"about":[{"href":"https:\/\/www.re-elektroshop.at\/index.php?rest_route=\/wp\/v2\/types\/product"}],"replies":[{"embeddable":true,"href":"https:\/\/www.re-elektroshop.at\/index.php?rest_route=%2Fwp%2Fv2%2Fcomments&post=10175"}],"wp:featuredmedia":[{"embeddable":true,"href":"https:\/\/www.re-elektroshop.at\/index.php?rest_route=\/wp\/v2\/media\/10176"}],"wp:attachment":[{"href":"https:\/\/www.re-elektroshop.at\/index.php?rest_route=%2Fwp%2Fv2%2Fmedia&parent=10175"}],"curies":[{"name":"wp","href":"https:\/\/api.w.org\/{rel}","templated":true}]}}