{"id":10222,"date":"2021-02-26T17:39:54","date_gmt":"2021-02-26T16:39:54","guid":{"rendered":"http:\/\/www.re-elektroshop.at\/?product=thermisches-ueberlastrelais-2800-4000a-baugroesse-3-2"},"modified":"2021-02-26T17:40:17","modified_gmt":"2021-02-26T16:40:17","slug":"thermisches-ueberlastrelais-2800-4000a-baugroesse-3-2","status":"publish","type":"product","link":"https:\/\/www.re-elektroshop.at\/?product=thermisches-ueberlastrelais-2800-4000a-baugroesse-3-2","title":{"rendered":"Thermisches \u00dcberlastrelais 28,00-40,00A, Baugr\u00f6\u00dfe 3"},"content":{"rendered":"<p>LST34000&#8211;<\/p>\n<p>Thermische \u00dcberlastrelais LST, Baugr\u00f6\u00dfe 3Thermische \u00dcberlastrelais Serie ALEA LST<\/p>\n","protected":false},"excerpt":{"rendered":"<p>LST34000&#8211; Thermische \u00dcberlastrelais LST, Baugr\u00f6\u00dfe 3Thermische \u00dcberlastrelais Serie ALEA LST<\/p>\n","protected":false},"featured_media":10223,"comment_status":"closed","ping_status":"open","template":"","meta":[],"_links":{"self":[{"href":"https:\/\/www.re-elektroshop.at\/index.php?rest_route=\/wp\/v2\/product\/10222"}],"collection":[{"href":"https:\/\/www.re-elektroshop.at\/index.php?rest_route=\/wp\/v2\/product"}],"about":[{"href":"https:\/\/www.re-elektroshop.at\/index.php?rest_route=\/wp\/v2\/types\/product"}],"replies":[{"embeddable":true,"href":"https:\/\/www.re-elektroshop.at\/index.php?rest_route=%2Fwp%2Fv2%2Fcomments&post=10222"}],"wp:featuredmedia":[{"embeddable":true,"href":"https:\/\/www.re-elektroshop.at\/index.php?rest_route=\/wp\/v2\/media\/10223"}],"wp:attachment":[{"href":"https:\/\/www.re-elektroshop.at\/index.php?rest_route=%2Fwp%2Fv2%2Fmedia&parent=10222"}],"curies":[{"name":"wp","href":"https:\/\/api.w.org\/{rel}","templated":true}]}}