{"id":10338,"date":"2021-02-26T17:42:09","date_gmt":"2021-02-26T16:42:09","guid":{"rendered":"http:\/\/www.re-elektroshop.at\/?product=thermisches-ueberlastrelais-070-100a-baugroesse-00-2"},"modified":"2021-02-26T17:42:14","modified_gmt":"2021-02-26T16:42:14","slug":"thermisches-ueberlastrelais-070-100a-baugroesse-00-2","status":"publish","type":"product","link":"https:\/\/www.re-elektroshop.at\/?product=thermisches-ueberlastrelais-070-100a-baugroesse-00-2","title":{"rendered":"Thermisches \u00dcberlastrelais 0,70 &#8211; 1,00A, Baugr\u00f6\u00dfe 00"},"content":{"rendered":"<p>LSTD0100&#8211;<\/p>\n<p>Thermische \u00dcberlastrelais LST, Baugr\u00f6\u00dfe 00Thermische \u00dcberlastrelais Serie ALEA LST<\/p>\n","protected":false},"excerpt":{"rendered":"<p>LSTD0100&#8211; Thermische \u00dcberlastrelais LST, Baugr\u00f6\u00dfe 00Thermische \u00dcberlastrelais Serie ALEA LST<\/p>\n","protected":false},"featured_media":10339,"comment_status":"closed","ping_status":"open","template":"","meta":[],"_links":{"self":[{"href":"https:\/\/www.re-elektroshop.at\/index.php?rest_route=\/wp\/v2\/product\/10338"}],"collection":[{"href":"https:\/\/www.re-elektroshop.at\/index.php?rest_route=\/wp\/v2\/product"}],"about":[{"href":"https:\/\/www.re-elektroshop.at\/index.php?rest_route=\/wp\/v2\/types\/product"}],"replies":[{"embeddable":true,"href":"https:\/\/www.re-elektroshop.at\/index.php?rest_route=%2Fwp%2Fv2%2Fcomments&post=10338"}],"wp:featuredmedia":[{"embeddable":true,"href":"https:\/\/www.re-elektroshop.at\/index.php?rest_route=\/wp\/v2\/media\/10339"}],"wp:attachment":[{"href":"https:\/\/www.re-elektroshop.at\/index.php?rest_route=%2Fwp%2Fv2%2Fmedia&parent=10338"}],"curies":[{"name":"wp","href":"https:\/\/api.w.org\/{rel}","templated":true}]}}