{"id":10434,"date":"2021-02-26T17:43:20","date_gmt":"2021-02-26T16:43:20","guid":{"rendered":"http:\/\/www.re-elektroshop.at\/?product=thermisches-ueberlastrelais-450-630a-baugroesse-00-2"},"modified":"2021-02-26T17:43:53","modified_gmt":"2021-02-26T16:43:53","slug":"thermisches-ueberlastrelais-450-630a-baugroesse-00-2","status":"publish","type":"product","link":"https:\/\/www.re-elektroshop.at\/?product=thermisches-ueberlastrelais-450-630a-baugroesse-00-2","title":{"rendered":"Thermisches \u00dcberlastrelais 4,50 &#8211; 6,30A, Baugr\u00f6\u00dfe 00"},"content":{"rendered":"<p>LSTD0630&#8211;<\/p>\n<p>Thermische \u00dcberlastrelais LST, Baugr\u00f6\u00dfe 00Thermische \u00dcberlastrelais Serie ALEA LST<\/p>\n","protected":false},"excerpt":{"rendered":"<p>LSTD0630&#8211; Thermische \u00dcberlastrelais LST, Baugr\u00f6\u00dfe 00Thermische \u00dcberlastrelais Serie ALEA LST<\/p>\n","protected":false},"featured_media":10435,"comment_status":"closed","ping_status":"open","template":"","meta":[],"_links":{"self":[{"href":"https:\/\/www.re-elektroshop.at\/index.php?rest_route=\/wp\/v2\/product\/10434"}],"collection":[{"href":"https:\/\/www.re-elektroshop.at\/index.php?rest_route=\/wp\/v2\/product"}],"about":[{"href":"https:\/\/www.re-elektroshop.at\/index.php?rest_route=\/wp\/v2\/types\/product"}],"replies":[{"embeddable":true,"href":"https:\/\/www.re-elektroshop.at\/index.php?rest_route=%2Fwp%2Fv2%2Fcomments&post=10434"}],"wp:featuredmedia":[{"embeddable":true,"href":"https:\/\/www.re-elektroshop.at\/index.php?rest_route=\/wp\/v2\/media\/10435"}],"wp:attachment":[{"href":"https:\/\/www.re-elektroshop.at\/index.php?rest_route=%2Fwp%2Fv2%2Fmedia&parent=10434"}],"curies":[{"name":"wp","href":"https:\/\/api.w.org\/{rel}","templated":true}]}}