{"id":10456,"date":"2021-02-26T17:43:55","date_gmt":"2021-02-26T16:43:55","guid":{"rendered":"http:\/\/www.re-elektroshop.at\/?product=luefterueberwachung-fuer-usv-avara-plus-he-800kva-2"},"modified":"2021-02-26T17:44:15","modified_gmt":"2021-02-26T16:44:15","slug":"luefterueberwachung-fuer-usv-avara-plus-he-800kva-2","status":"publish","type":"product","link":"https:\/\/www.re-elektroshop.at\/?product=luefterueberwachung-fuer-usv-avara-plus-he-800kva-2","title":{"rendered":"L\u00fcfter\u00fcberwachung f\u00fcr USV AVARA Plus HE  800kVA"},"content":{"rendered":"<p>USMHFAN800<\/p>\n<p>AVARA Plus HE &#8211; Online (VFI) &#8211; 100 bis 800 kVA\/kW 3\/3 phasigUSV Serie AVARA &#8211; 10kVA bis 1000kVA<\/p>\n","protected":false},"excerpt":{"rendered":"<p>USMHFAN800 AVARA Plus HE &#8211; Online (VFI) &#8211; 100 bis 800 kVA\/kW 3\/3 phasigUSV Serie AVARA &#8211; 10kVA bis 1000kVA<\/p>\n","protected":false},"featured_media":10457,"comment_status":"closed","ping_status":"open","template":"","meta":[],"_links":{"self":[{"href":"https:\/\/www.re-elektroshop.at\/index.php?rest_route=\/wp\/v2\/product\/10456"}],"collection":[{"href":"https:\/\/www.re-elektroshop.at\/index.php?rest_route=\/wp\/v2\/product"}],"about":[{"href":"https:\/\/www.re-elektroshop.at\/index.php?rest_route=\/wp\/v2\/types\/product"}],"replies":[{"embeddable":true,"href":"https:\/\/www.re-elektroshop.at\/index.php?rest_route=%2Fwp%2Fv2%2Fcomments&post=10456"}],"wp:featuredmedia":[{"embeddable":true,"href":"https:\/\/www.re-elektroshop.at\/index.php?rest_route=\/wp\/v2\/media\/10457"}],"wp:attachment":[{"href":"https:\/\/www.re-elektroshop.at\/index.php?rest_route=%2Fwp%2Fv2%2Fmedia&parent=10456"}],"curies":[{"name":"wp","href":"https:\/\/api.w.org\/{rel}","templated":true}]}}