{"id":10468,"date":"2021-02-26T17:43:55","date_gmt":"2021-02-26T16:43:55","guid":{"rendered":"http:\/\/www.re-elektroshop.at\/?product=thermisches-ueberlastrelais-550-800a-baugroesse-00-2"},"modified":"2021-02-26T17:44:20","modified_gmt":"2021-02-26T16:44:20","slug":"thermisches-ueberlastrelais-550-800a-baugroesse-00-2","status":"publish","type":"product","link":"https:\/\/www.re-elektroshop.at\/?product=thermisches-ueberlastrelais-550-800a-baugroesse-00-2","title":{"rendered":"Thermisches \u00dcberlastrelais 5,50 &#8211; 8,00A, Baugr\u00f6\u00dfe 00"},"content":{"rendered":"<p>LSTD0800&#8211;<\/p>\n<p>Thermische \u00dcberlastrelais LST, Baugr\u00f6\u00dfe 00Thermische \u00dcberlastrelais Serie ALEA LST<\/p>\n","protected":false},"excerpt":{"rendered":"<p>LSTD0800&#8211; Thermische \u00dcberlastrelais LST, Baugr\u00f6\u00dfe 00Thermische \u00dcberlastrelais Serie ALEA LST<\/p>\n","protected":false},"featured_media":10469,"comment_status":"closed","ping_status":"open","template":"","meta":[],"_links":{"self":[{"href":"https:\/\/www.re-elektroshop.at\/index.php?rest_route=\/wp\/v2\/product\/10468"}],"collection":[{"href":"https:\/\/www.re-elektroshop.at\/index.php?rest_route=\/wp\/v2\/product"}],"about":[{"href":"https:\/\/www.re-elektroshop.at\/index.php?rest_route=\/wp\/v2\/types\/product"}],"replies":[{"embeddable":true,"href":"https:\/\/www.re-elektroshop.at\/index.php?rest_route=%2Fwp%2Fv2%2Fcomments&post=10468"}],"wp:featuredmedia":[{"embeddable":true,"href":"https:\/\/www.re-elektroshop.at\/index.php?rest_route=\/wp\/v2\/media\/10469"}],"wp:attachment":[{"href":"https:\/\/www.re-elektroshop.at\/index.php?rest_route=%2Fwp%2Fv2%2Fmedia&parent=10468"}],"curies":[{"name":"wp","href":"https:\/\/api.w.org\/{rel}","templated":true}]}}