{"id":10562,"date":"2021-02-26T17:45:02","date_gmt":"2021-02-26T16:45:02","guid":{"rendered":"http:\/\/www.re-elektroshop.at\/?product=temperatursensor-fuer-batterieschraenke-fuer-usv-avara-plus-he-2"},"modified":"2021-02-26T17:45:23","modified_gmt":"2021-02-26T16:45:23","slug":"temperatursensor-fuer-batterieschraenke-fuer-usv-avara-plus-he-2","status":"publish","type":"product","link":"https:\/\/www.re-elektroshop.at\/?product=temperatursensor-fuer-batterieschraenke-fuer-usv-avara-plus-he-2","title":{"rendered":"Temperatursensor f\u00fcr Batterieschr\u00e4nke f\u00fcr USV AVARA Plus HE"},"content":{"rendered":"<p>USMHTEMPSE<\/p>\n<p>AVARA Plus HE &#8211; Online (VFI) &#8211; 100 bis 800 kVA\/kW 3\/3 phasigUSV Serie AVARA &#8211; 10kVA bis 1000kVA<\/p>\n","protected":false},"excerpt":{"rendered":"<p>USMHTEMPSE AVARA Plus HE &#8211; Online (VFI) &#8211; 100 bis 800 kVA\/kW 3\/3 phasigUSV Serie AVARA &#8211; 10kVA bis 1000kVA<\/p>\n","protected":false},"featured_media":10563,"comment_status":"closed","ping_status":"open","template":"","meta":[],"_links":{"self":[{"href":"https:\/\/www.re-elektroshop.at\/index.php?rest_route=\/wp\/v2\/product\/10562"}],"collection":[{"href":"https:\/\/www.re-elektroshop.at\/index.php?rest_route=\/wp\/v2\/product"}],"about":[{"href":"https:\/\/www.re-elektroshop.at\/index.php?rest_route=\/wp\/v2\/types\/product"}],"replies":[{"embeddable":true,"href":"https:\/\/www.re-elektroshop.at\/index.php?rest_route=%2Fwp%2Fv2%2Fcomments&post=10562"}],"wp:featuredmedia":[{"embeddable":true,"href":"https:\/\/www.re-elektroshop.at\/index.php?rest_route=\/wp\/v2\/media\/10563"}],"wp:attachment":[{"href":"https:\/\/www.re-elektroshop.at\/index.php?rest_route=%2Fwp%2Fv2%2Fmedia&parent=10562"}],"curies":[{"name":"wp","href":"https:\/\/api.w.org\/{rel}","templated":true}]}}