{"id":10616,"date":"2021-02-26T17:45:53","date_gmt":"2021-02-26T16:45:53","guid":{"rendered":"http:\/\/www.re-elektroshop.at\/?product=leistungsschuetz-3kw-400v-1-oeffner-spule-230vac-2"},"modified":"2021-02-26T17:46:03","modified_gmt":"2021-02-26T16:46:03","slug":"leistungsschuetz-3kw-400v-1-oeffner-spule-230vac-2","status":"publish","type":"product","link":"https:\/\/www.re-elektroshop.at\/?product=leistungsschuetz-3kw-400v-1-oeffner-spule-230vac-2","title":{"rendered":"Leistungssch\u00fctz, 3kW\/400V, 1 \u00d6ffner, Spule 230VAC"},"content":{"rendered":"<p>LTD00723&#8211;<\/p>\n<p>LTD Sch\u00fctze zum Schalten von Motoren, 3-polig, Baugr\u00f6\u00dfe 0Elektromechanische Sch\u00fctze Serie ALEA II LT<\/p>\n","protected":false},"excerpt":{"rendered":"<p>LTD00723&#8211; LTD Sch\u00fctze zum Schalten von Motoren, 3-polig, Baugr\u00f6\u00dfe 0Elektromechanische Sch\u00fctze Serie ALEA II LT<\/p>\n","protected":false},"featured_media":10617,"comment_status":"closed","ping_status":"open","template":"","meta":[],"_links":{"self":[{"href":"https:\/\/www.re-elektroshop.at\/index.php?rest_route=\/wp\/v2\/product\/10616"}],"collection":[{"href":"https:\/\/www.re-elektroshop.at\/index.php?rest_route=\/wp\/v2\/product"}],"about":[{"href":"https:\/\/www.re-elektroshop.at\/index.php?rest_route=\/wp\/v2\/types\/product"}],"replies":[{"embeddable":true,"href":"https:\/\/www.re-elektroshop.at\/index.php?rest_route=%2Fwp%2Fv2%2Fcomments&post=10616"}],"wp:featuredmedia":[{"embeddable":true,"href":"https:\/\/www.re-elektroshop.at\/index.php?rest_route=\/wp\/v2\/media\/10617"}],"wp:attachment":[{"href":"https:\/\/www.re-elektroshop.at\/index.php?rest_route=%2Fwp%2Fv2%2Fmedia&parent=10616"}],"curies":[{"name":"wp","href":"https:\/\/api.w.org\/{rel}","templated":true}]}}