{"id":10788,"date":"2021-02-26T17:48:01","date_gmt":"2021-02-26T16:48:01","guid":{"rendered":"http:\/\/www.re-elektroshop.at\/?product=multi-switch-16a-2-eingaenge-8-ausgaenge-4a-2"},"modified":"2021-02-26T17:48:17","modified_gmt":"2021-02-26T16:48:17","slug":"multi-switch-16a-2-eingaenge-8-ausgaenge-4a-2","status":"publish","type":"product","link":"https:\/\/www.re-elektroshop.at\/?product=multi-switch-16a-2-eingaenge-8-ausgaenge-4a-2","title":{"rendered":"Multi Switch 16A 2 Eing\u00e4nge \/ 8 Ausg\u00e4nge 4A"},"content":{"rendered":"<p>USMSW&#8212;&#8211;<\/p>\n<p>GENIO Multi Switch f\u00fcr 19&#8243; MontageSoftware und Zubeh\u00f6r f\u00fcr USV<\/p>\n","protected":false},"excerpt":{"rendered":"<p>USMSW&#8212;&#8211; GENIO Multi Switch f\u00fcr 19&#8243; MontageSoftware und Zubeh\u00f6r f\u00fcr USV<\/p>\n","protected":false},"featured_media":10789,"comment_status":"closed","ping_status":"open","template":"","meta":[],"_links":{"self":[{"href":"https:\/\/www.re-elektroshop.at\/index.php?rest_route=\/wp\/v2\/product\/10788"}],"collection":[{"href":"https:\/\/www.re-elektroshop.at\/index.php?rest_route=\/wp\/v2\/product"}],"about":[{"href":"https:\/\/www.re-elektroshop.at\/index.php?rest_route=\/wp\/v2\/types\/product"}],"replies":[{"embeddable":true,"href":"https:\/\/www.re-elektroshop.at\/index.php?rest_route=%2Fwp%2Fv2%2Fcomments&post=10788"}],"wp:featuredmedia":[{"embeddable":true,"href":"https:\/\/www.re-elektroshop.at\/index.php?rest_route=\/wp\/v2\/media\/10789"}],"wp:attachment":[{"href":"https:\/\/www.re-elektroshop.at\/index.php?rest_route=%2Fwp%2Fv2%2Fmedia&parent=10788"}],"curies":[{"name":"wp","href":"https:\/\/api.w.org\/{rel}","templated":true}]}}