{"id":10836,"date":"2021-02-26T17:48:50","date_gmt":"2021-02-26T16:48:50","guid":{"rendered":"http:\/\/www.re-elektroshop.at\/?product=fernanzeigetableau-fuer-usv-mit-grafikdisplay-und-rs232-2"},"modified":"2021-02-26T17:48:56","modified_gmt":"2021-02-26T16:48:56","slug":"fernanzeigetableau-fuer-usv-mit-grafikdisplay-und-rs232-2","status":"publish","type":"product","link":"https:\/\/www.re-elektroshop.at\/?product=fernanzeigetableau-fuer-usv-mit-grafikdisplay-und-rs232-2","title":{"rendered":"Fernanzeigetableau f\u00fcr USV mit Grafikdisplay und RS232"},"content":{"rendered":"<p>USMULTIPAN<\/p>\n<p>Multi Panel &#8211; Fernanzeige f\u00fcr USVSoftware und Zubeh\u00f6r f\u00fcr USV<\/p>\n","protected":false},"excerpt":{"rendered":"<p>USMULTIPAN Multi Panel &#8211; Fernanzeige f\u00fcr USVSoftware und Zubeh\u00f6r f\u00fcr USV<\/p>\n","protected":false},"featured_media":10837,"comment_status":"closed","ping_status":"open","template":"","meta":[],"_links":{"self":[{"href":"https:\/\/www.re-elektroshop.at\/index.php?rest_route=\/wp\/v2\/product\/10836"}],"collection":[{"href":"https:\/\/www.re-elektroshop.at\/index.php?rest_route=\/wp\/v2\/product"}],"about":[{"href":"https:\/\/www.re-elektroshop.at\/index.php?rest_route=\/wp\/v2\/types\/product"}],"replies":[{"embeddable":true,"href":"https:\/\/www.re-elektroshop.at\/index.php?rest_route=%2Fwp%2Fv2%2Fcomments&post=10836"}],"wp:featuredmedia":[{"embeddable":true,"href":"https:\/\/www.re-elektroshop.at\/index.php?rest_route=\/wp\/v2\/media\/10837"}],"wp:attachment":[{"href":"https:\/\/www.re-elektroshop.at\/index.php?rest_route=%2Fwp%2Fv2%2Fmedia&parent=10836"}],"curies":[{"name":"wp","href":"https:\/\/api.w.org\/{rel}","templated":true}]}}