{"id":10869,"date":"2021-02-26T17:49:32","date_gmt":"2021-02-26T16:49:32","guid":{"rendered":"http:\/\/www.re-elektroshop.at\/?product=einschubkarte-um-usv-an-ip-netzwerk-anzuschliessen-snmp-ad-2"},"modified":"2021-08-11T10:50:32","modified_gmt":"2021-08-11T08:50:32","slug":"einschubkarte-um-usv-an-ip-netzwerk-anzuschliessen-snmp-ad-2","status":"publish","type":"product","link":"https:\/\/www.re-elektroshop.at\/?product=einschubkarte-um-usv-an-ip-netzwerk-anzuschliessen-snmp-ad-2","title":{"rendered":"Einschubkarte um USV an IP-Netzwerk anzuschlie\u00dfen (SNMP-Ad.)"},"content":{"rendered":"<p>USNETMA204<\/p>\n<p>Netman 204 Plus &#8211; Ethernetanbindung f\u00fcr USV (SNMP V3)Software und Zubeh\u00f6r f\u00fcr USV<\/p>\n","protected":false},"excerpt":{"rendered":"<p>USNETMA204 Netman 204 Plus &#8211; Ethernetanbindung f\u00fcr USV (SNMP V3)Software und Zubeh\u00f6r f\u00fcr USV<\/p>\n","protected":false},"featured_media":10870,"comment_status":"closed","ping_status":"closed","template":"","meta":[],"_links":{"self":[{"href":"https:\/\/www.re-elektroshop.at\/index.php?rest_route=\/wp\/v2\/product\/10869"}],"collection":[{"href":"https:\/\/www.re-elektroshop.at\/index.php?rest_route=\/wp\/v2\/product"}],"about":[{"href":"https:\/\/www.re-elektroshop.at\/index.php?rest_route=\/wp\/v2\/types\/product"}],"replies":[{"embeddable":true,"href":"https:\/\/www.re-elektroshop.at\/index.php?rest_route=%2Fwp%2Fv2%2Fcomments&post=10869"}],"wp:featuredmedia":[{"embeddable":true,"href":"https:\/\/www.re-elektroshop.at\/index.php?rest_route=\/wp\/v2\/media\/10870"}],"wp:attachment":[{"href":"https:\/\/www.re-elektroshop.at\/index.php?rest_route=%2Fwp%2Fv2%2Fmedia&parent=10869"}],"curies":[{"name":"wp","href":"https:\/\/api.w.org\/{rel}","templated":true}]}}