{"id":11017,"date":"2021-02-26T17:51:46","date_gmt":"2021-02-26T16:51:46","guid":{"rendered":"http:\/\/www.re-elektroshop.at\/?product=nachruestset-fuer-schutzart-ip21-fuer-usnxe250-2"},"modified":"2021-02-26T17:52:09","modified_gmt":"2021-02-26T16:52:09","slug":"nachruestset-fuer-schutzart-ip21-fuer-usnxe250-2","status":"publish","type":"product","link":"https:\/\/www.re-elektroshop.at\/?product=nachruestset-fuer-schutzart-ip21-fuer-usnxe250-2","title":{"rendered":"Nachr\u00fcstset f\u00fcr Schutzart IP21 f\u00fcr USNXE250&#8211;"},"content":{"rendered":"<p>USNXIP250-<\/p>\n<p>AVARA Next &#8211; Online (VFI) &#8211; 250 bis 400 kVA\/kW 3\/3 phasigUSV Serie AVARA &#8211; 10kVA bis 1000kVA<\/p>\n","protected":false},"excerpt":{"rendered":"<p>USNXIP250- AVARA Next &#8211; Online (VFI) &#8211; 250 bis 400 kVA\/kW 3\/3 phasigUSV Serie AVARA &#8211; 10kVA bis 1000kVA<\/p>\n","protected":false},"featured_media":11018,"comment_status":"closed","ping_status":"open","template":"","meta":[],"_links":{"self":[{"href":"https:\/\/www.re-elektroshop.at\/index.php?rest_route=\/wp\/v2\/product\/11017"}],"collection":[{"href":"https:\/\/www.re-elektroshop.at\/index.php?rest_route=\/wp\/v2\/product"}],"about":[{"href":"https:\/\/www.re-elektroshop.at\/index.php?rest_route=\/wp\/v2\/types\/product"}],"replies":[{"embeddable":true,"href":"https:\/\/www.re-elektroshop.at\/index.php?rest_route=%2Fwp%2Fv2%2Fcomments&post=11017"}],"wp:featuredmedia":[{"embeddable":true,"href":"https:\/\/www.re-elektroshop.at\/index.php?rest_route=\/wp\/v2\/media\/11018"}],"wp:attachment":[{"href":"https:\/\/www.re-elektroshop.at\/index.php?rest_route=%2Fwp%2Fv2%2Fmedia&parent=11017"}],"curies":[{"name":"wp","href":"https:\/\/api.w.org\/{rel}","templated":true}]}}