{"id":11051,"date":"2021-02-26T17:52:26","date_gmt":"2021-02-26T16:52:26","guid":{"rendered":"http:\/\/www.re-elektroshop.at\/?product=temperatursensor-fuer-batterieschraenke-fuer-usv-avara-next-2"},"modified":"2021-02-26T17:52:49","modified_gmt":"2021-02-26T16:52:49","slug":"temperatursensor-fuer-batterieschraenke-fuer-usv-avara-next-2","status":"publish","type":"product","link":"https:\/\/www.re-elektroshop.at\/?product=temperatursensor-fuer-batterieschraenke-fuer-usv-avara-next-2","title":{"rendered":"Temperatursensor f\u00fcr Batterieschr\u00e4nke f\u00fcr USV AVARA Next"},"content":{"rendered":"<p>USNXTEMP&#8211;<\/p>\n<p>AVARA Next &#8211; Online (VFI) &#8211; 250 bis 400 kVA\/kW 3\/3 phasigUSV Serie AVARA &#8211; 10kVA bis 1000kVA<\/p>\n","protected":false},"excerpt":{"rendered":"<p>USNXTEMP&#8211; AVARA Next &#8211; Online (VFI) &#8211; 250 bis 400 kVA\/kW 3\/3 phasigUSV Serie AVARA &#8211; 10kVA bis 1000kVA<\/p>\n","protected":false},"featured_media":11052,"comment_status":"closed","ping_status":"open","template":"","meta":[],"_links":{"self":[{"href":"https:\/\/www.re-elektroshop.at\/index.php?rest_route=\/wp\/v2\/product\/11051"}],"collection":[{"href":"https:\/\/www.re-elektroshop.at\/index.php?rest_route=\/wp\/v2\/product"}],"about":[{"href":"https:\/\/www.re-elektroshop.at\/index.php?rest_route=\/wp\/v2\/types\/product"}],"replies":[{"embeddable":true,"href":"https:\/\/www.re-elektroshop.at\/index.php?rest_route=%2Fwp%2Fv2%2Fcomments&post=11051"}],"wp:featuredmedia":[{"embeddable":true,"href":"https:\/\/www.re-elektroshop.at\/index.php?rest_route=\/wp\/v2\/media\/11052"}],"wp:attachment":[{"href":"https:\/\/www.re-elektroshop.at\/index.php?rest_route=%2Fwp%2Fv2%2Fmedia&parent=11051"}],"curies":[{"name":"wp","href":"https:\/\/api.w.org\/{rel}","templated":true}]}}