{"id":11057,"date":"2021-02-26T17:52:26","date_gmt":"2021-02-26T16:52:26","guid":{"rendered":"http:\/\/www.re-elektroshop.at\/?product=lizenz-cd-fuer-usv-sw-powernetguard-fuer-ein-jahr-2"},"modified":"2021-02-26T17:52:51","modified_gmt":"2021-02-26T16:52:51","slug":"lizenz-cd-fuer-usv-sw-powernetguard-fuer-ein-jahr-2","status":"publish","type":"product","link":"https:\/\/www.re-elektroshop.at\/?product=lizenz-cd-fuer-usv-sw-powernetguard-fuer-ein-jahr-2","title":{"rendered":"Lizenz + CD f\u00fcr USV SW Powernetguard f\u00fcr ein Jahr"},"content":{"rendered":"<p>USPOWNETG-<\/p>\n<p>PowerNetGuard &#8211; \u00dcberwachungssoftware f\u00fcr USVSoftware und Zubeh\u00f6r f\u00fcr USV<\/p>\n","protected":false},"excerpt":{"rendered":"<p>USPOWNETG- PowerNetGuard &#8211; \u00dcberwachungssoftware f\u00fcr USVSoftware und Zubeh\u00f6r f\u00fcr USV<\/p>\n","protected":false},"featured_media":11058,"comment_status":"closed","ping_status":"open","template":"","meta":[],"_links":{"self":[{"href":"https:\/\/www.re-elektroshop.at\/index.php?rest_route=\/wp\/v2\/product\/11057"}],"collection":[{"href":"https:\/\/www.re-elektroshop.at\/index.php?rest_route=\/wp\/v2\/product"}],"about":[{"href":"https:\/\/www.re-elektroshop.at\/index.php?rest_route=\/wp\/v2\/types\/product"}],"replies":[{"embeddable":true,"href":"https:\/\/www.re-elektroshop.at\/index.php?rest_route=%2Fwp%2Fv2%2Fcomments&post=11057"}],"wp:featuredmedia":[{"embeddable":true,"href":"https:\/\/www.re-elektroshop.at\/index.php?rest_route=\/wp\/v2\/media\/11058"}],"wp:attachment":[{"href":"https:\/\/www.re-elektroshop.at\/index.php?rest_route=%2Fwp%2Fv2%2Fmedia&parent=11057"}],"curies":[{"name":"wp","href":"https:\/\/api.w.org\/{rel}","templated":true}]}}