{"id":11065,"date":"2021-02-26T17:52:57","date_gmt":"2021-02-26T16:52:57","guid":{"rendered":"http:\/\/www.re-elektroshop.at\/?product=lizenzverlaengerung-fuer-usv-sw-powernetguard-um-ein-jahr-2"},"modified":"2021-02-26T17:52:57","modified_gmt":"2021-02-26T16:52:57","slug":"lizenzverlaengerung-fuer-usv-sw-powernetguard-um-ein-jahr-2","status":"publish","type":"product","link":"https:\/\/www.re-elektroshop.at\/?product=lizenzverlaengerung-fuer-usv-sw-powernetguard-um-ein-jahr-2","title":{"rendered":"Lizenzverl\u00e4ngerung f\u00fcr USV SW Powernetguard um ein Jahr"},"content":{"rendered":"<p>USPOWNLIC-<\/p>\n<p>PowerNetGuard &#8211; \u00dcberwachungssoftware f\u00fcr USVSoftware und Zubeh\u00f6r f\u00fcr USV<\/p>\n","protected":false},"excerpt":{"rendered":"<p>USPOWNLIC- PowerNetGuard &#8211; \u00dcberwachungssoftware f\u00fcr USVSoftware und Zubeh\u00f6r f\u00fcr USV<\/p>\n","protected":false},"featured_media":11066,"comment_status":"closed","ping_status":"open","template":"","meta":[],"_links":{"self":[{"href":"https:\/\/www.re-elektroshop.at\/index.php?rest_route=\/wp\/v2\/product\/11065"}],"collection":[{"href":"https:\/\/www.re-elektroshop.at\/index.php?rest_route=\/wp\/v2\/product"}],"about":[{"href":"https:\/\/www.re-elektroshop.at\/index.php?rest_route=\/wp\/v2\/types\/product"}],"replies":[{"embeddable":true,"href":"https:\/\/www.re-elektroshop.at\/index.php?rest_route=%2Fwp%2Fv2%2Fcomments&post=11065"}],"wp:featuredmedia":[{"embeddable":true,"href":"https:\/\/www.re-elektroshop.at\/index.php?rest_route=\/wp\/v2\/media\/11066"}],"wp:attachment":[{"href":"https:\/\/www.re-elektroshop.at\/index.php?rest_route=%2Fwp%2Fv2%2Fmedia&parent=11065"}],"curies":[{"name":"wp","href":"https:\/\/api.w.org\/{rel}","templated":true}]}}