{"id":11269,"date":"2021-02-26T18:00:37","date_gmt":"2021-02-26T17:00:37","guid":{"rendered":"http:\/\/www.re-elektroshop.at\/?product=leistungsschuetz-75kw-400v-1-schliesser-spule-24vdc-3"},"modified":"2021-02-26T18:00:45","modified_gmt":"2021-02-26T17:00:45","slug":"leistungsschuetz-75kw-400v-1-schliesser-spule-24vdc-3","status":"publish","type":"product","link":"https:\/\/www.re-elektroshop.at\/?product=leistungsschuetz-75kw-400v-1-schliesser-spule-24vdc-3","title":{"rendered":"Leistungssch\u00fctz, 7,5kW\/400V, 1 Schlie\u00dfer, Spule 24VDC"},"content":{"rendered":"<p>LTD11715&#8211;<\/p>\n<p>LTD Sch\u00fctze zum Schalten von Motoren, 3-polig, Baugr\u00f6\u00dfe 1Elektromechanische Sch\u00fctze Serie ALEA II LT<\/p>\n","protected":false},"excerpt":{"rendered":"<p>LTD11715&#8211; LTD Sch\u00fctze zum Schalten von Motoren, 3-polig, Baugr\u00f6\u00dfe 1Elektromechanische Sch\u00fctze Serie ALEA II LT<\/p>\n","protected":false},"featured_media":11270,"comment_status":"closed","ping_status":"open","template":"","meta":[],"_links":{"self":[{"href":"https:\/\/www.re-elektroshop.at\/index.php?rest_route=\/wp\/v2\/product\/11269"}],"collection":[{"href":"https:\/\/www.re-elektroshop.at\/index.php?rest_route=\/wp\/v2\/product"}],"about":[{"href":"https:\/\/www.re-elektroshop.at\/index.php?rest_route=\/wp\/v2\/types\/product"}],"replies":[{"embeddable":true,"href":"https:\/\/www.re-elektroshop.at\/index.php?rest_route=%2Fwp%2Fv2%2Fcomments&post=11269"}],"wp:featuredmedia":[{"embeddable":true,"href":"https:\/\/www.re-elektroshop.at\/index.php?rest_route=\/wp\/v2\/media\/11270"}],"wp:attachment":[{"href":"https:\/\/www.re-elektroshop.at\/index.php?rest_route=%2Fwp%2Fv2%2Fmedia&parent=11269"}],"curies":[{"name":"wp","href":"https:\/\/api.w.org\/{rel}","templated":true}]}}