{"id":11681,"date":"2021-02-26T18:02:20","date_gmt":"2021-02-26T17:02:20","guid":{"rendered":"http:\/\/www.re-elektroshop.at\/?product=usv-sensor-temperatur-und-digitaler-i-o-rj12-2"},"modified":"2021-02-26T18:02:46","modified_gmt":"2021-02-26T17:02:46","slug":"usv-sensor-temperatur-und-digitaler-i-o-rj12-2","status":"publish","type":"product","link":"https:\/\/www.re-elektroshop.at\/?product=usv-sensor-temperatur-und-digitaler-i-o-rj12-2","title":{"rendered":"USV Sensor Temperatur und digitaler I\/O RJ12"},"content":{"rendered":"<p>USSENSIOTR<\/p>\n<p>Sensoren f\u00fcr Umgebungsbedingungen der USVSoftware und Zubeh\u00f6r f\u00fcr USV<\/p>\n","protected":false},"excerpt":{"rendered":"<p>USSENSIOTR Sensoren f\u00fcr Umgebungsbedingungen der USVSoftware und Zubeh\u00f6r f\u00fcr USV<\/p>\n","protected":false},"featured_media":11682,"comment_status":"closed","ping_status":"open","template":"","meta":[],"_links":{"self":[{"href":"https:\/\/www.re-elektroshop.at\/index.php?rest_route=\/wp\/v2\/product\/11681"}],"collection":[{"href":"https:\/\/www.re-elektroshop.at\/index.php?rest_route=\/wp\/v2\/product"}],"about":[{"href":"https:\/\/www.re-elektroshop.at\/index.php?rest_route=\/wp\/v2\/types\/product"}],"replies":[{"embeddable":true,"href":"https:\/\/www.re-elektroshop.at\/index.php?rest_route=%2Fwp%2Fv2%2Fcomments&post=11681"}],"wp:featuredmedia":[{"embeddable":true,"href":"https:\/\/www.re-elektroshop.at\/index.php?rest_route=\/wp\/v2\/media\/11682"}],"wp:attachment":[{"href":"https:\/\/www.re-elektroshop.at\/index.php?rest_route=%2Fwp%2Fv2%2Fmedia&parent=11681"}],"curies":[{"name":"wp","href":"https:\/\/api.w.org\/{rel}","templated":true}]}}