{"id":11683,"date":"2021-02-26T18:02:20","date_gmt":"2021-02-26T17:02:20","guid":{"rendered":"http:\/\/www.re-elektroshop.at\/?product=usv-sensor-temperatur-und-feuchte-rj12-2"},"modified":"2021-02-26T18:02:48","modified_gmt":"2021-02-26T17:02:48","slug":"usv-sensor-temperatur-und-feuchte-rj12-2","status":"publish","type":"product","link":"https:\/\/www.re-elektroshop.at\/?product=usv-sensor-temperatur-und-feuchte-rj12-2","title":{"rendered":"USV Sensor Temperatur und Feuchte RJ12"},"content":{"rendered":"<p>USSENSTHR-<\/p>\n<p>Sensoren f\u00fcr Umgebungsbedingungen der USVSoftware und Zubeh\u00f6r f\u00fcr USV<\/p>\n","protected":false},"excerpt":{"rendered":"<p>USSENSTHR- Sensoren f\u00fcr Umgebungsbedingungen der USVSoftware und Zubeh\u00f6r f\u00fcr USV<\/p>\n","protected":false},"featured_media":11684,"comment_status":"closed","ping_status":"open","template":"","meta":[],"_links":{"self":[{"href":"https:\/\/www.re-elektroshop.at\/index.php?rest_route=\/wp\/v2\/product\/11683"}],"collection":[{"href":"https:\/\/www.re-elektroshop.at\/index.php?rest_route=\/wp\/v2\/product"}],"about":[{"href":"https:\/\/www.re-elektroshop.at\/index.php?rest_route=\/wp\/v2\/types\/product"}],"replies":[{"embeddable":true,"href":"https:\/\/www.re-elektroshop.at\/index.php?rest_route=%2Fwp%2Fv2%2Fcomments&post=11683"}],"wp:featuredmedia":[{"embeddable":true,"href":"https:\/\/www.re-elektroshop.at\/index.php?rest_route=\/wp\/v2\/media\/11684"}],"wp:attachment":[{"href":"https:\/\/www.re-elektroshop.at\/index.php?rest_route=%2Fwp%2Fv2%2Fmedia&parent=11683"}],"curies":[{"name":"wp","href":"https:\/\/api.w.org\/{rel}","templated":true}]}}