{"id":11937,"date":"2021-02-26T18:05:53","date_gmt":"2021-02-26T17:05:53","guid":{"rendered":"http:\/\/www.re-elektroshop.at\/?product=leistungsschuetz-185kw-400v-spule-230vac-2"},"modified":"2021-02-26T18:06:14","modified_gmt":"2021-02-26T17:06:14","slug":"leistungsschuetz-185kw-400v-spule-230vac-2","status":"publish","type":"product","link":"https:\/\/www.re-elektroshop.at\/?product=leistungsschuetz-185kw-400v-spule-230vac-2","title":{"rendered":"Leistungssch\u00fctz, 18,5kW\/400V, Spule 230VAC"},"content":{"rendered":"<p>LTD24033&#8211;<\/p>\n<p>LTD Sch\u00fctze zum Schalten von Motoren, 3-polig, Baugr\u00f6\u00dfe 2Elektromechanische Sch\u00fctze Serie ALEA II LT<\/p>\n","protected":false},"excerpt":{"rendered":"<p>LTD24033&#8211; LTD Sch\u00fctze zum Schalten von Motoren, 3-polig, Baugr\u00f6\u00dfe 2Elektromechanische Sch\u00fctze Serie ALEA II LT<\/p>\n","protected":false},"featured_media":11938,"comment_status":"closed","ping_status":"open","template":"","meta":[],"_links":{"self":[{"href":"https:\/\/www.re-elektroshop.at\/index.php?rest_route=\/wp\/v2\/product\/11937"}],"collection":[{"href":"https:\/\/www.re-elektroshop.at\/index.php?rest_route=\/wp\/v2\/product"}],"about":[{"href":"https:\/\/www.re-elektroshop.at\/index.php?rest_route=\/wp\/v2\/types\/product"}],"replies":[{"embeddable":true,"href":"https:\/\/www.re-elektroshop.at\/index.php?rest_route=%2Fwp%2Fv2%2Fcomments&post=11937"}],"wp:featuredmedia":[{"embeddable":true,"href":"https:\/\/www.re-elektroshop.at\/index.php?rest_route=\/wp\/v2\/media\/11938"}],"wp:attachment":[{"href":"https:\/\/www.re-elektroshop.at\/index.php?rest_route=%2Fwp%2Fv2%2Fmedia&parent=11937"}],"curies":[{"name":"wp","href":"https:\/\/api.w.org\/{rel}","templated":true}]}}