{"id":11961,"date":"2021-02-26T18:06:16","date_gmt":"2021-02-26T17:06:16","guid":{"rendered":"http:\/\/www.re-elektroshop.at\/?product=schwenkhebelgriff-fuer-wsm-umbau-2"},"modified":"2021-02-26T18:06:23","modified_gmt":"2021-02-26T17:06:23","slug":"schwenkhebelgriff-fuer-wsm-umbau-2","status":"publish","type":"product","link":"https:\/\/www.re-elektroshop.at\/?product=schwenkhebelgriff-fuer-wsm-umbau-2","title":{"rendered":"Schwenkhebelgriff f\u00fcr WSM-Umbau"},"content":{"rendered":"<p>WSSL1107&#8211;<\/p>\n<p>Schlie\u00dfungen und Schlosseins\u00e4tze WSMWandschr\u00e4nke Stahlblech pulverbeschichtet WSM<\/p>\n","protected":false},"excerpt":{"rendered":"<p>WSSL1107&#8211; Schlie\u00dfungen und Schlosseins\u00e4tze WSMWandschr\u00e4nke Stahlblech pulverbeschichtet WSM<\/p>\n","protected":false},"featured_media":11962,"comment_status":"closed","ping_status":"open","template":"","meta":[],"_links":{"self":[{"href":"https:\/\/www.re-elektroshop.at\/index.php?rest_route=\/wp\/v2\/product\/11961"}],"collection":[{"href":"https:\/\/www.re-elektroshop.at\/index.php?rest_route=\/wp\/v2\/product"}],"about":[{"href":"https:\/\/www.re-elektroshop.at\/index.php?rest_route=\/wp\/v2\/types\/product"}],"replies":[{"embeddable":true,"href":"https:\/\/www.re-elektroshop.at\/index.php?rest_route=%2Fwp%2Fv2%2Fcomments&post=11961"}],"wp:featuredmedia":[{"embeddable":true,"href":"https:\/\/www.re-elektroshop.at\/index.php?rest_route=\/wp\/v2\/media\/11962"}],"wp:attachment":[{"href":"https:\/\/www.re-elektroshop.at\/index.php?rest_route=%2Fwp%2Fv2%2Fmedia&parent=11961"}],"curies":[{"name":"wp","href":"https:\/\/api.w.org\/{rel}","templated":true}]}}