{"id":12182,"date":"2021-02-26T18:08:19","date_gmt":"2021-02-26T17:08:19","guid":{"rendered":"http:\/\/www.re-elektroshop.at\/?product=hilfsschuetz-4-schliesser-spule-24vac-2"},"modified":"2021-02-26T18:08:33","modified_gmt":"2021-02-26T17:08:33","slug":"hilfsschuetz-4-schliesser-spule-24vac-2","status":"publish","type":"product","link":"https:\/\/www.re-elektroshop.at\/?product=hilfsschuetz-4-schliesser-spule-24vac-2","title":{"rendered":"Hilfssch\u00fctz, 4 Schlie\u00dfer, Spule 24VAC"},"content":{"rendered":"<p>LTH00470&#8211;<\/p>\n<p>LTH0 Hilfssch\u00fctze 4-polig, Baugr\u00f6\u00dfe 0Elektromechanische Sch\u00fctze Serie ALEA II LT<\/p>\n","protected":false},"excerpt":{"rendered":"<p>LTH00470&#8211; LTH0 Hilfssch\u00fctze 4-polig, Baugr\u00f6\u00dfe 0Elektromechanische Sch\u00fctze Serie ALEA II LT<\/p>\n","protected":false},"featured_media":12183,"comment_status":"closed","ping_status":"open","template":"","meta":[],"_links":{"self":[{"href":"https:\/\/www.re-elektroshop.at\/index.php?rest_route=\/wp\/v2\/product\/12182"}],"collection":[{"href":"https:\/\/www.re-elektroshop.at\/index.php?rest_route=\/wp\/v2\/product"}],"about":[{"href":"https:\/\/www.re-elektroshop.at\/index.php?rest_route=\/wp\/v2\/types\/product"}],"replies":[{"embeddable":true,"href":"https:\/\/www.re-elektroshop.at\/index.php?rest_route=%2Fwp%2Fv2%2Fcomments&post=12182"}],"wp:featuredmedia":[{"embeddable":true,"href":"https:\/\/www.re-elektroshop.at\/index.php?rest_route=\/wp\/v2\/media\/12183"}],"wp:attachment":[{"href":"https:\/\/www.re-elektroshop.at\/index.php?rest_route=%2Fwp%2Fv2%2Fmedia&parent=12182"}],"curies":[{"name":"wp","href":"https:\/\/api.w.org\/{rel}","templated":true}]}}