{"id":12253,"date":"2021-02-26T18:09:15","date_gmt":"2021-02-26T17:09:15","guid":{"rendered":"http:\/\/www.re-elektroshop.at\/?product=4-pol-schuetz-160a-ac-1-spule-230vac-2"},"modified":"2021-02-26T18:09:23","modified_gmt":"2021-02-26T17:09:23","slug":"4-pol-schuetz-160a-ac-1-spule-230vac-2","status":"publish","type":"product","link":"https:\/\/www.re-elektroshop.at\/?product=4-pol-schuetz-160a-ac-1-spule-230vac-2","title":{"rendered":"4-pol. Sch\u00fctz, 160A\/AC-1, Spule 230VAC"},"content":{"rendered":"<p>LTR31543&#8211;<\/p>\n<p>LTR Sch\u00fctze 4-polig, zum Schalten Ohm&#8217;scher Lasten AC1, Baugr\u00f6\u00dfe 0 \/ 1 \/ 2 \/ 3Elektromechanische Sch\u00fctze Serie ALEA II LT<\/p>\n","protected":false},"excerpt":{"rendered":"<p>LTR31543&#8211; LTR Sch\u00fctze 4-polig, zum Schalten Ohm&#8217;scher Lasten AC1, Baugr\u00f6\u00dfe 0 \/ 1 \/ 2 \/ 3Elektromechanische Sch\u00fctze Serie ALEA II LT<\/p>\n","protected":false},"featured_media":12254,"comment_status":"closed","ping_status":"open","template":"","meta":[],"_links":{"self":[{"href":"https:\/\/www.re-elektroshop.at\/index.php?rest_route=\/wp\/v2\/product\/12253"}],"collection":[{"href":"https:\/\/www.re-elektroshop.at\/index.php?rest_route=\/wp\/v2\/product"}],"about":[{"href":"https:\/\/www.re-elektroshop.at\/index.php?rest_route=\/wp\/v2\/types\/product"}],"replies":[{"embeddable":true,"href":"https:\/\/www.re-elektroshop.at\/index.php?rest_route=%2Fwp%2Fv2%2Fcomments&post=12253"}],"wp:featuredmedia":[{"embeddable":true,"href":"https:\/\/www.re-elektroshop.at\/index.php?rest_route=\/wp\/v2\/media\/12254"}],"wp:attachment":[{"href":"https:\/\/www.re-elektroshop.at\/index.php?rest_route=%2Fwp%2Fv2%2Fmedia&parent=12253"}],"curies":[{"name":"wp","href":"https:\/\/api.w.org\/{rel}","templated":true}]}}