{"id":12297,"date":"2021-02-26T18:23:16","date_gmt":"2021-02-26T17:23:16","guid":{"rendered":"http:\/\/www.re-elektroshop.at\/?product=motorschutzrelais-16-24a-5"},"modified":"2021-02-26T18:23:16","modified_gmt":"2021-02-26T17:23:16","slug":"motorschutzrelais-16-24a-5","status":"publish","type":"product","link":"https:\/\/www.re-elektroshop.at\/?product=motorschutzrelais-16-24a-5","title":{"rendered":"Motorschutzrelais 1,6 &#8211; 2,4A"},"content":{"rendered":"<p>LTT10240&#8211;<\/p>\n<p>Thermische \u00dcberlastrelais LTT, Baugr\u00f6\u00dfe 1Thermische \u00dcberlastrelais Serie ALEA II LTT<\/p>\n","protected":false},"excerpt":{"rendered":"<p>LTT10240&#8211; Thermische \u00dcberlastrelais LTT, Baugr\u00f6\u00dfe 1Thermische \u00dcberlastrelais Serie ALEA II LTT<\/p>\n","protected":false},"featured_media":12298,"comment_status":"closed","ping_status":"open","template":"","meta":[],"_links":{"self":[{"href":"https:\/\/www.re-elektroshop.at\/index.php?rest_route=\/wp\/v2\/product\/12297"}],"collection":[{"href":"https:\/\/www.re-elektroshop.at\/index.php?rest_route=\/wp\/v2\/product"}],"about":[{"href":"https:\/\/www.re-elektroshop.at\/index.php?rest_route=\/wp\/v2\/types\/product"}],"replies":[{"embeddable":true,"href":"https:\/\/www.re-elektroshop.at\/index.php?rest_route=%2Fwp%2Fv2%2Fcomments&post=12297"}],"wp:featuredmedia":[{"embeddable":true,"href":"https:\/\/www.re-elektroshop.at\/index.php?rest_route=\/wp\/v2\/media\/12298"}],"wp:attachment":[{"href":"https:\/\/www.re-elektroshop.at\/index.php?rest_route=%2Fwp%2Fv2%2Fmedia&parent=12297"}],"curies":[{"name":"wp","href":"https:\/\/api.w.org\/{rel}","templated":true}]}}