{"id":12307,"date":"2021-02-26T18:24:12","date_gmt":"2021-02-26T17:24:12","guid":{"rendered":"http:\/\/www.re-elektroshop.at\/?product=motorschutzrelais-6-10a-4"},"modified":"2021-02-26T18:24:12","modified_gmt":"2021-02-26T17:24:12","slug":"motorschutzrelais-6-10a-4","status":"publish","type":"product","link":"https:\/\/www.re-elektroshop.at\/?product=motorschutzrelais-6-10a-4","title":{"rendered":"Motorschutzrelais 6 &#8211; 10A"},"content":{"rendered":"<p>LTT21000&#8211;<\/p>\n<p>Thermische \u00dcberlastrelais LTT, Baugr\u00f6\u00dfe 2Thermische \u00dcberlastrelais Serie ALEA II LTT<\/p>\n","protected":false},"excerpt":{"rendered":"<p>LTT21000&#8211; Thermische \u00dcberlastrelais LTT, Baugr\u00f6\u00dfe 2Thermische \u00dcberlastrelais Serie ALEA II LTT<\/p>\n","protected":false},"featured_media":12308,"comment_status":"closed","ping_status":"open","template":"","meta":[],"_links":{"self":[{"href":"https:\/\/www.re-elektroshop.at\/index.php?rest_route=\/wp\/v2\/product\/12307"}],"collection":[{"href":"https:\/\/www.re-elektroshop.at\/index.php?rest_route=\/wp\/v2\/product"}],"about":[{"href":"https:\/\/www.re-elektroshop.at\/index.php?rest_route=\/wp\/v2\/types\/product"}],"replies":[{"embeddable":true,"href":"https:\/\/www.re-elektroshop.at\/index.php?rest_route=%2Fwp%2Fv2%2Fcomments&post=12307"}],"wp:featuredmedia":[{"embeddable":true,"href":"https:\/\/www.re-elektroshop.at\/index.php?rest_route=\/wp\/v2\/media\/12308"}],"wp:attachment":[{"href":"https:\/\/www.re-elektroshop.at\/index.php?rest_route=%2Fwp%2Fv2%2Fmedia&parent=12307"}],"curies":[{"name":"wp","href":"https:\/\/api.w.org\/{rel}","templated":true}]}}