{"id":12490,"date":"2021-02-26T18:24:43","date_gmt":"2021-02-26T17:24:43","guid":{"rendered":"http:\/\/www.re-elektroshop.at\/?product=motorschutzrelais-25-35a-2"},"modified":"2021-02-26T18:24:43","modified_gmt":"2021-02-26T17:24:43","slug":"motorschutzrelais-25-35a-2","status":"publish","type":"product","link":"https:\/\/www.re-elektroshop.at\/?product=motorschutzrelais-25-35a-2","title":{"rendered":"Motorschutzrelais 25-35A"},"content":{"rendered":"<p>LTT30035&#8211;<\/p>\n<p>Thermische \u00dcberlastrelais LTT, Baugr\u00f6\u00dfe 3Thermische \u00dcberlastrelais Serie ALEA II LTT<\/p>\n","protected":false},"excerpt":{"rendered":"<p>LTT30035&#8211; Thermische \u00dcberlastrelais LTT, Baugr\u00f6\u00dfe 3Thermische \u00dcberlastrelais Serie ALEA II LTT<\/p>\n","protected":false},"featured_media":12491,"comment_status":"closed","ping_status":"open","template":"","meta":[],"_links":{"self":[{"href":"https:\/\/www.re-elektroshop.at\/index.php?rest_route=\/wp\/v2\/product\/12490"}],"collection":[{"href":"https:\/\/www.re-elektroshop.at\/index.php?rest_route=\/wp\/v2\/product"}],"about":[{"href":"https:\/\/www.re-elektroshop.at\/index.php?rest_route=\/wp\/v2\/types\/product"}],"replies":[{"embeddable":true,"href":"https:\/\/www.re-elektroshop.at\/index.php?rest_route=%2Fwp%2Fv2%2Fcomments&post=12490"}],"wp:featuredmedia":[{"embeddable":true,"href":"https:\/\/www.re-elektroshop.at\/index.php?rest_route=\/wp\/v2\/media\/12491"}],"wp:attachment":[{"href":"https:\/\/www.re-elektroshop.at\/index.php?rest_route=%2Fwp%2Fv2%2Fmedia&parent=12490"}],"curies":[{"name":"wp","href":"https:\/\/api.w.org\/{rel}","templated":true}]}}