{"id":12574,"date":"2021-02-26T18:25:36","date_gmt":"2021-02-26T17:25:36","guid":{"rendered":"http:\/\/www.re-elektroshop.at\/?product=stern-dreieck-schuetze-11kw-400v-spule-230vac-2"},"modified":"2021-08-12T13:17:01","modified_gmt":"2021-08-12T11:17:01","slug":"stern-dreieck-schuetze-11kw-400v-spule-230vac-2","status":"publish","type":"product","link":"https:\/\/www.re-elektroshop.at\/?product=stern-dreieck-schuetze-11kw-400v-spule-230vac-2","title":{"rendered":"Stern-Dreieck Sch\u00fctze, 11kW\/400V, Spule 230VAC"},"content":{"rendered":"<p>LTY02233&#8211;<\/p>\n<p>Stern-Dreieck Sch\u00fctzkombinationen LTY, Baugr\u00f6\u00dfe 0 &#8211; 1Stern-Dreieck Sch\u00fctzkombinationen Serie ALEA II LTY<\/p>\n","protected":false},"excerpt":{"rendered":"<p>LTY02233&#8211; Stern-Dreieck Sch\u00fctzkombinationen LTY, Baugr\u00f6\u00dfe 0 &#8211; 1Stern-Dreieck Sch\u00fctzkombinationen Serie ALEA II LTY<\/p>\n","protected":false},"featured_media":12575,"comment_status":"closed","ping_status":"closed","template":"","meta":[],"_links":{"self":[{"href":"https:\/\/www.re-elektroshop.at\/index.php?rest_route=\/wp\/v2\/product\/12574"}],"collection":[{"href":"https:\/\/www.re-elektroshop.at\/index.php?rest_route=\/wp\/v2\/product"}],"about":[{"href":"https:\/\/www.re-elektroshop.at\/index.php?rest_route=\/wp\/v2\/types\/product"}],"replies":[{"embeddable":true,"href":"https:\/\/www.re-elektroshop.at\/index.php?rest_route=%2Fwp%2Fv2%2Fcomments&post=12574"}],"wp:featuredmedia":[{"embeddable":true,"href":"https:\/\/www.re-elektroshop.at\/index.php?rest_route=\/wp\/v2\/media\/12575"}],"wp:attachment":[{"href":"https:\/\/www.re-elektroshop.at\/index.php?rest_route=%2Fwp%2Fv2%2Fmedia&parent=12574"}],"curies":[{"name":"wp","href":"https:\/\/api.w.org\/{rel}","templated":true}]}}