{"id":12604,"date":"2021-02-26T18:25:53","date_gmt":"2021-02-26T17:25:53","guid":{"rendered":"http:\/\/www.re-elektroshop.at\/?product=hilfskontakt-fuer-hilfsschuetz-2s2oe-1s1oe-mit-mikroschalter-2"},"modified":"2021-02-26T18:25:53","modified_gmt":"2021-02-26T17:25:53","slug":"hilfskontakt-fuer-hilfsschuetz-2s2oe-1s1oe-mit-mikroschalter-2","status":"publish","type":"product","link":"https:\/\/www.re-elektroshop.at\/?product=hilfskontakt-fuer-hilfsschuetz-2s2oe-1s1oe-mit-mikroschalter-2","title":{"rendered":"Hilfskontakt f\u00fcr Hilfssch\u00fctz, 2S+2\u00d6, 1S+1\u00d6 mit Mikroschalter"},"content":{"rendered":"<p>LTZ0H322&#8211;<\/p>\n<p>LTH0 Hilfssch\u00fctze 4-polig, Baugr\u00f6\u00dfe 0Elektromechanische Sch\u00fctze Serie ALEA II LT<\/p>\n","protected":false},"excerpt":{"rendered":"<p>LTZ0H322&#8211; LTH0 Hilfssch\u00fctze 4-polig, Baugr\u00f6\u00dfe 0Elektromechanische Sch\u00fctze Serie ALEA II LT<\/p>\n","protected":false},"featured_media":12605,"comment_status":"closed","ping_status":"open","template":"","meta":[],"_links":{"self":[{"href":"https:\/\/www.re-elektroshop.at\/index.php?rest_route=\/wp\/v2\/product\/12604"}],"collection":[{"href":"https:\/\/www.re-elektroshop.at\/index.php?rest_route=\/wp\/v2\/product"}],"about":[{"href":"https:\/\/www.re-elektroshop.at\/index.php?rest_route=\/wp\/v2\/types\/product"}],"replies":[{"embeddable":true,"href":"https:\/\/www.re-elektroshop.at\/index.php?rest_route=%2Fwp%2Fv2%2Fcomments&post=12604"}],"wp:featuredmedia":[{"embeddable":true,"href":"https:\/\/www.re-elektroshop.at\/index.php?rest_route=\/wp\/v2\/media\/12605"}],"wp:attachment":[{"href":"https:\/\/www.re-elektroshop.at\/index.php?rest_route=%2Fwp%2Fv2%2Fmedia&parent=12604"}],"curies":[{"name":"wp","href":"https:\/\/api.w.org\/{rel}","templated":true}]}}