{"id":12649,"date":"2021-02-26T18:26:18","date_gmt":"2021-02-26T17:26:18","guid":{"rendered":"http:\/\/www.re-elektroshop.at\/?product=hilfskontakt-fuer-hilfsschuetz-2-schliesser-2"},"modified":"2021-02-26T18:26:18","modified_gmt":"2021-02-26T17:26:18","slug":"hilfskontakt-fuer-hilfsschuetz-2-schliesser-2","status":"publish","type":"product","link":"https:\/\/www.re-elektroshop.at\/?product=hilfskontakt-fuer-hilfsschuetz-2-schliesser-2","title":{"rendered":"Hilfskontakt f\u00fcr Hilfssch\u00fctz, 2 Schlie\u00dfer"},"content":{"rendered":"<p>LTZ0H520&#8211;<\/p>\n<p>LTH0 Hilfssch\u00fctze 4-polig, Baugr\u00f6\u00dfe 0Elektromechanische Sch\u00fctze Serie ALEA II LT<\/p>\n","protected":false},"excerpt":{"rendered":"<p>LTZ0H520&#8211; LTH0 Hilfssch\u00fctze 4-polig, Baugr\u00f6\u00dfe 0Elektromechanische Sch\u00fctze Serie ALEA II LT<\/p>\n","protected":false},"featured_media":12650,"comment_status":"closed","ping_status":"open","template":"","meta":[],"_links":{"self":[{"href":"https:\/\/www.re-elektroshop.at\/index.php?rest_route=\/wp\/v2\/product\/12649"}],"collection":[{"href":"https:\/\/www.re-elektroshop.at\/index.php?rest_route=\/wp\/v2\/product"}],"about":[{"href":"https:\/\/www.re-elektroshop.at\/index.php?rest_route=\/wp\/v2\/types\/product"}],"replies":[{"embeddable":true,"href":"https:\/\/www.re-elektroshop.at\/index.php?rest_route=%2Fwp%2Fv2%2Fcomments&post=12649"}],"wp:featuredmedia":[{"embeddable":true,"href":"https:\/\/www.re-elektroshop.at\/index.php?rest_route=\/wp\/v2\/media\/12650"}],"wp:attachment":[{"href":"https:\/\/www.re-elektroshop.at\/index.php?rest_route=%2Fwp%2Fv2%2Fmedia&parent=12649"}],"curies":[{"name":"wp","href":"https:\/\/api.w.org\/{rel}","templated":true}]}}