{"id":12688,"date":"2021-02-26T18:26:40","date_gmt":"2021-02-26T17:26:40","guid":{"rendered":"http:\/\/www.re-elektroshop.at\/?product=hilfskontakt-fuer-hilfsschuetz-1-schliesser-1-oeffner-verzoegert-2"},"modified":"2021-02-26T18:26:40","modified_gmt":"2021-02-26T17:26:40","slug":"hilfskontakt-fuer-hilfsschuetz-1-schliesser-1-oeffner-verzoegert-2","status":"publish","type":"product","link":"https:\/\/www.re-elektroshop.at\/?product=hilfskontakt-fuer-hilfsschuetz-1-schliesser-1-oeffner-verzoegert-2","title":{"rendered":"Hilfskontakt f\u00fcr Hilfssch\u00fctz, 1 Schlie\u00dfer 1 \u00d6ffner verz\u00f6gert"},"content":{"rendered":"<p>LTZ0H911&#8211;<\/p>\n<p>LTH0 Hilfssch\u00fctze 4-polig, Baugr\u00f6\u00dfe 0Elektromechanische Sch\u00fctze Serie ALEA II LT<\/p>\n","protected":false},"excerpt":{"rendered":"<p>LTZ0H911&#8211; LTH0 Hilfssch\u00fctze 4-polig, Baugr\u00f6\u00dfe 0Elektromechanische Sch\u00fctze Serie ALEA II LT<\/p>\n","protected":false},"featured_media":12689,"comment_status":"closed","ping_status":"open","template":"","meta":[],"_links":{"self":[{"href":"https:\/\/www.re-elektroshop.at\/index.php?rest_route=\/wp\/v2\/product\/12688"}],"collection":[{"href":"https:\/\/www.re-elektroshop.at\/index.php?rest_route=\/wp\/v2\/product"}],"about":[{"href":"https:\/\/www.re-elektroshop.at\/index.php?rest_route=\/wp\/v2\/types\/product"}],"replies":[{"embeddable":true,"href":"https:\/\/www.re-elektroshop.at\/index.php?rest_route=%2Fwp%2Fv2%2Fcomments&post=12688"}],"wp:featuredmedia":[{"embeddable":true,"href":"https:\/\/www.re-elektroshop.at\/index.php?rest_route=\/wp\/v2\/media\/12689"}],"wp:attachment":[{"href":"https:\/\/www.re-elektroshop.at\/index.php?rest_route=%2Fwp%2Fv2%2Fmedia&parent=12688"}],"curies":[{"name":"wp","href":"https:\/\/api.w.org\/{rel}","templated":true}]}}