{"id":12727,"date":"2021-02-26T18:27:01","date_gmt":"2021-02-26T17:27:01","guid":{"rendered":"http:\/\/www.re-elektroshop.at\/?product=hilfskontakt-fuer-schuetz-bg-2-3-2-schliesser-2"},"modified":"2021-02-26T18:27:01","modified_gmt":"2021-02-26T17:27:01","slug":"hilfskontakt-fuer-schuetz-bg-2-3-2-schliesser-2","status":"publish","type":"product","link":"https:\/\/www.re-elektroshop.at\/?product=hilfskontakt-fuer-schuetz-bg-2-3-2-schliesser-2","title":{"rendered":"Hilfskontakt f\u00fcr Sch\u00fctz BG. 2-3, 2 Schlie\u00dfer"},"content":{"rendered":"<p>LTZ3D420&#8211;<\/p>\n<p>LTD Sch\u00fctze zum Schalten von Motoren, 3-polig, Baugr\u00f6\u00dfe 2Elektromechanische Sch\u00fctze Serie ALEA II LT<\/p>\n","protected":false},"excerpt":{"rendered":"<p>LTZ3D420&#8211; LTD Sch\u00fctze zum Schalten von Motoren, 3-polig, Baugr\u00f6\u00dfe 2Elektromechanische Sch\u00fctze Serie ALEA II LT<\/p>\n","protected":false},"featured_media":12728,"comment_status":"closed","ping_status":"open","template":"","meta":[],"_links":{"self":[{"href":"https:\/\/www.re-elektroshop.at\/index.php?rest_route=\/wp\/v2\/product\/12727"}],"collection":[{"href":"https:\/\/www.re-elektroshop.at\/index.php?rest_route=\/wp\/v2\/product"}],"about":[{"href":"https:\/\/www.re-elektroshop.at\/index.php?rest_route=\/wp\/v2\/types\/product"}],"replies":[{"embeddable":true,"href":"https:\/\/www.re-elektroshop.at\/index.php?rest_route=%2Fwp%2Fv2%2Fcomments&post=12727"}],"wp:featuredmedia":[{"embeddable":true,"href":"https:\/\/www.re-elektroshop.at\/index.php?rest_route=\/wp\/v2\/media\/12728"}],"wp:attachment":[{"href":"https:\/\/www.re-elektroshop.at\/index.php?rest_route=%2Fwp%2Fv2%2Fmedia&parent=12727"}],"curies":[{"name":"wp","href":"https:\/\/api.w.org\/{rel}","templated":true}]}}