{"id":13111,"date":"2021-02-26T18:40:46","date_gmt":"2021-02-26T17:40:46","guid":{"rendered":"http:\/\/www.re-elektroshop.at\/?product=thermisches-ueberlastrelais-1100-1600a-baugroesse-0"},"modified":"2021-02-26T18:40:46","modified_gmt":"2021-02-26T17:40:46","slug":"thermisches-ueberlastrelais-1100-1600a-baugroesse-0","status":"publish","type":"product","link":"https:\/\/www.re-elektroshop.at\/?product=thermisches-ueberlastrelais-1100-1600a-baugroesse-0","title":{"rendered":"Thermisches \u00dcberlastrelais 11,00-16,00A, Baugr\u00f6\u00dfe 0"},"content":{"rendered":"<p>LST01600&#8211;<\/p>\n<p>Thermische \u00dcberlastrelais LST, Baugr\u00f6\u00dfe 0Thermische \u00dcberlastrelais Serie ALEA LST<\/p>\n","protected":false},"excerpt":{"rendered":"<p>LST01600&#8211; Thermische \u00dcberlastrelais LST, Baugr\u00f6\u00dfe 0Thermische \u00dcberlastrelais Serie ALEA LST<\/p>\n","protected":false},"featured_media":13112,"comment_status":"closed","ping_status":"open","template":"","meta":[],"_links":{"self":[{"href":"https:\/\/www.re-elektroshop.at\/index.php?rest_route=\/wp\/v2\/product\/13111"}],"collection":[{"href":"https:\/\/www.re-elektroshop.at\/index.php?rest_route=\/wp\/v2\/product"}],"about":[{"href":"https:\/\/www.re-elektroshop.at\/index.php?rest_route=\/wp\/v2\/types\/product"}],"replies":[{"embeddable":true,"href":"https:\/\/www.re-elektroshop.at\/index.php?rest_route=%2Fwp%2Fv2%2Fcomments&post=13111"}],"wp:featuredmedia":[{"embeddable":true,"href":"https:\/\/www.re-elektroshop.at\/index.php?rest_route=\/wp\/v2\/media\/13112"}],"wp:attachment":[{"href":"https:\/\/www.re-elektroshop.at\/index.php?rest_route=%2Fwp%2Fv2%2Fmedia&parent=13111"}],"curies":[{"name":"wp","href":"https:\/\/api.w.org\/{rel}","templated":true}]}}