{"id":13758,"date":"2021-02-27T10:39:30","date_gmt":"2021-02-27T09:39:30","guid":{"rendered":"http:\/\/www.re-elektroshop.at\/?product=nh-reitertrenner-groesse-1-250a-fuer-60mm-system-m10"},"modified":"2021-02-27T10:39:30","modified_gmt":"2021-02-27T09:39:30","slug":"nh-reitertrenner-groesse-1-250a-fuer-60mm-system-m10","status":"publish","type":"product","link":"https:\/\/www.re-elektroshop.at\/?product=nh-reitertrenner-groesse-1-250a-fuer-60mm-system-m10","title":{"rendered":"NH-Reitertrenner, Gr\u00f6\u00dfe 1, 250A, f\u00fcr 60mm System, M10"},"content":{"rendered":"<p>ISA05290-A<\/p>\n<p>NH-Sicherungsmaterial Serie ARROWNH-Sicherungsmaterial<\/p>\n","protected":false},"excerpt":{"rendered":"<p>ISA05290-A NH-Sicherungsmaterial Serie ARROWNH-Sicherungsmaterial<\/p>\n","protected":false},"featured_media":13759,"comment_status":"closed","ping_status":"open","template":"","meta":[],"_links":{"self":[{"href":"https:\/\/www.re-elektroshop.at\/index.php?rest_route=\/wp\/v2\/product\/13758"}],"collection":[{"href":"https:\/\/www.re-elektroshop.at\/index.php?rest_route=\/wp\/v2\/product"}],"about":[{"href":"https:\/\/www.re-elektroshop.at\/index.php?rest_route=\/wp\/v2\/types\/product"}],"replies":[{"embeddable":true,"href":"https:\/\/www.re-elektroshop.at\/index.php?rest_route=%2Fwp%2Fv2%2Fcomments&post=13758"}],"wp:featuredmedia":[{"embeddable":true,"href":"https:\/\/www.re-elektroshop.at\/index.php?rest_route=\/wp\/v2\/media\/13759"}],"wp:attachment":[{"href":"https:\/\/www.re-elektroshop.at\/index.php?rest_route=%2Fwp%2Fv2%2Fmedia&parent=13758"}],"curies":[{"name":"wp","href":"https:\/\/api.w.org\/{rel}","templated":true}]}}