{"id":13764,"date":"2021-02-27T10:39:45","date_gmt":"2021-02-27T09:39:45","guid":{"rendered":"http:\/\/www.re-elektroshop.at\/?product=ikall-modul-mit-eingebautem-begeh-2020"},"modified":"2021-02-27T10:39:45","modified_gmt":"2021-02-27T09:39:45","slug":"ikall-modul-mit-eingebautem-begeh-2020","status":"publish","type":"product","link":"https:\/\/www.re-elektroshop.at\/?product=ikall-modul-mit-eingebautem-begeh-2020","title":{"rendered":"IKALL Modul mit eingebautem BEGEH 2020"},"content":{"rendered":"<p>SP3345BG&#8211;<\/p>\n<p>IKALL Modul f\u00fcr BEGEH ZutrittssystemAu\u00dfenstelle IKALL f\u00fcr IP-Systeme (VIP)<\/p>\n","protected":false},"excerpt":{"rendered":"<p>SP3345BG&#8211; IKALL Modul f\u00fcr BEGEH ZutrittssystemAu\u00dfenstelle IKALL f\u00fcr IP-Systeme (VIP)<\/p>\n","protected":false},"featured_media":0,"comment_status":"closed","ping_status":"open","template":"","meta":[],"_links":{"self":[{"href":"https:\/\/www.re-elektroshop.at\/index.php?rest_route=\/wp\/v2\/product\/13764"}],"collection":[{"href":"https:\/\/www.re-elektroshop.at\/index.php?rest_route=\/wp\/v2\/product"}],"about":[{"href":"https:\/\/www.re-elektroshop.at\/index.php?rest_route=\/wp\/v2\/types\/product"}],"replies":[{"embeddable":true,"href":"https:\/\/www.re-elektroshop.at\/index.php?rest_route=%2Fwp%2Fv2%2Fcomments&post=13764"}],"wp:attachment":[{"href":"https:\/\/www.re-elektroshop.at\/index.php?rest_route=%2Fwp%2Fv2%2Fmedia&parent=13764"}],"curies":[{"name":"wp","href":"https:\/\/api.w.org\/{rel}","templated":true}]}}