{"id":13777,"date":"2021-02-27T10:39:59","date_gmt":"2021-02-27T09:39:59","guid":{"rendered":"http:\/\/www.re-elektroshop.at\/?product=zaehlerverteiler-einsatz-1-21e-1-zaehlerplaetze-salzburg"},"modified":"2021-02-27T10:39:59","modified_gmt":"2021-02-27T09:39:59","slug":"zaehlerverteiler-einsatz-1-21e-1-zaehlerplaetze-salzburg","status":"publish","type":"product","link":"https:\/\/www.re-elektroshop.at\/?product=zaehlerverteiler-einsatz-1-21e-1-zaehlerplaetze-salzburg","title":{"rendered":"Z\u00e4hlerverteiler Einsatz 1-21E, 1 Z\u00e4hlerpl\u00e4tze, Salzburg"},"content":{"rendered":"<p>IL414121&#8211;<\/p>\n<p>Modul 2000 &#8211; Z\u00e4hlerverteiler SalzburgSalzburg<\/p>\n","protected":false},"excerpt":{"rendered":"<p>IL414121&#8211; Modul 2000 &#8211; Z\u00e4hlerverteiler SalzburgSalzburg<\/p>\n","protected":false},"featured_media":13778,"comment_status":"closed","ping_status":"open","template":"","meta":[],"_links":{"self":[{"href":"https:\/\/www.re-elektroshop.at\/index.php?rest_route=\/wp\/v2\/product\/13777"}],"collection":[{"href":"https:\/\/www.re-elektroshop.at\/index.php?rest_route=\/wp\/v2\/product"}],"about":[{"href":"https:\/\/www.re-elektroshop.at\/index.php?rest_route=\/wp\/v2\/types\/product"}],"replies":[{"embeddable":true,"href":"https:\/\/www.re-elektroshop.at\/index.php?rest_route=%2Fwp%2Fv2%2Fcomments&post=13777"}],"wp:featuredmedia":[{"embeddable":true,"href":"https:\/\/www.re-elektroshop.at\/index.php?rest_route=\/wp\/v2\/media\/13778"}],"wp:attachment":[{"href":"https:\/\/www.re-elektroshop.at\/index.php?rest_route=%2Fwp%2Fv2%2Fmedia&parent=13777"}],"curies":[{"name":"wp","href":"https:\/\/api.w.org\/{rel}","templated":true}]}}