{"id":13786,"date":"2021-02-27T10:40:07","date_gmt":"2021-02-27T09:40:07","guid":{"rendered":"http:\/\/www.re-elektroshop.at\/?product=mini-schwenkhebel-mit-druckknopf-fuer-wst"},"modified":"2021-02-27T10:40:07","modified_gmt":"2021-02-27T09:40:07","slug":"mini-schwenkhebel-mit-druckknopf-fuer-wst","status":"publish","type":"product","link":"https:\/\/www.re-elektroshop.at\/?product=mini-schwenkhebel-mit-druckknopf-fuer-wst","title":{"rendered":"Mini-Schwenkhebel mit Druckknopf f\u00fcr WST"},"content":{"rendered":"<p>WSTS3531&#8211;<\/p>\n<p>Schlie\u00dfungen und Schlosseins\u00e4tzeWandschr\u00e4nke Stahlblech pulverbeschichtet WST<\/p>\n","protected":false},"excerpt":{"rendered":"<p>WSTS3531&#8211; Schlie\u00dfungen und Schlosseins\u00e4tzeWandschr\u00e4nke Stahlblech pulverbeschichtet WST<\/p>\n","protected":false},"featured_media":13787,"comment_status":"closed","ping_status":"open","template":"","meta":[],"_links":{"self":[{"href":"https:\/\/www.re-elektroshop.at\/index.php?rest_route=\/wp\/v2\/product\/13786"}],"collection":[{"href":"https:\/\/www.re-elektroshop.at\/index.php?rest_route=\/wp\/v2\/product"}],"about":[{"href":"https:\/\/www.re-elektroshop.at\/index.php?rest_route=\/wp\/v2\/types\/product"}],"replies":[{"embeddable":true,"href":"https:\/\/www.re-elektroshop.at\/index.php?rest_route=%2Fwp%2Fv2%2Fcomments&post=13786"}],"wp:featuredmedia":[{"embeddable":true,"href":"https:\/\/www.re-elektroshop.at\/index.php?rest_route=\/wp\/v2\/media\/13787"}],"wp:attachment":[{"href":"https:\/\/www.re-elektroshop.at\/index.php?rest_route=%2Fwp%2Fv2%2Fmedia&parent=13786"}],"curies":[{"name":"wp","href":"https:\/\/api.w.org\/{rel}","templated":true}]}}