{"id":13817,"date":"2021-02-27T10:40:34","date_gmt":"2021-02-27T09:40:34","guid":{"rendered":"http:\/\/www.re-elektroshop.at\/?product=zaehlerverteiler-einsatz-4-21e-4-zaehlerplaetze-salzburg"},"modified":"2021-02-27T10:40:34","modified_gmt":"2021-02-27T09:40:34","slug":"zaehlerverteiler-einsatz-4-21e-4-zaehlerplaetze-salzburg","status":"publish","type":"product","link":"https:\/\/www.re-elektroshop.at\/?product=zaehlerverteiler-einsatz-4-21e-4-zaehlerplaetze-salzburg","title":{"rendered":"Z\u00e4hlerverteiler Einsatz 4-21E, 4 Z\u00e4hlerpl\u00e4tze, Salzburg"},"content":{"rendered":"<p>IL414421&#8211;<\/p>\n<p>Modul 2000 &#8211; Z\u00e4hlerverteiler SalzburgSalzburg<\/p>\n","protected":false},"excerpt":{"rendered":"<p>IL414421&#8211; Modul 2000 &#8211; Z\u00e4hlerverteiler SalzburgSalzburg<\/p>\n","protected":false},"featured_media":13818,"comment_status":"closed","ping_status":"open","template":"","meta":[],"_links":{"self":[{"href":"https:\/\/www.re-elektroshop.at\/index.php?rest_route=\/wp\/v2\/product\/13817"}],"collection":[{"href":"https:\/\/www.re-elektroshop.at\/index.php?rest_route=\/wp\/v2\/product"}],"about":[{"href":"https:\/\/www.re-elektroshop.at\/index.php?rest_route=\/wp\/v2\/types\/product"}],"replies":[{"embeddable":true,"href":"https:\/\/www.re-elektroshop.at\/index.php?rest_route=%2Fwp%2Fv2%2Fcomments&post=13817"}],"wp:featuredmedia":[{"embeddable":true,"href":"https:\/\/www.re-elektroshop.at\/index.php?rest_route=\/wp\/v2\/media\/13818"}],"wp:attachment":[{"href":"https:\/\/www.re-elektroshop.at\/index.php?rest_route=%2Fwp%2Fv2%2Fmedia&parent=13817"}],"curies":[{"name":"wp","href":"https:\/\/api.w.org\/{rel}","templated":true}]}}