{"id":13999,"date":"2021-02-27T10:44:23","date_gmt":"2021-02-27T09:44:23","guid":{"rendered":"http:\/\/www.re-elektroshop.at\/?product=2-draht-netzteil-230vac-33vdc"},"modified":"2021-02-27T10:44:23","modified_gmt":"2021-02-27T09:44:23","slug":"2-draht-netzteil-230vac-33vdc","status":"publish","type":"product","link":"https:\/\/www.re-elektroshop.at\/?product=2-draht-netzteil-230vac-33vdc","title":{"rendered":"2-Draht Netzteil, 230VAC\/33VDC"},"content":{"rendered":"<p>SP1210A&#8212;<\/p>\n<p>System-Netzger\u00e4teZubeh\u00f6r f\u00fcr Simple Bus 2 Draht<\/p>\n","protected":false},"excerpt":{"rendered":"<p>SP1210A&#8212; System-Netzger\u00e4teZubeh\u00f6r f\u00fcr Simple Bus 2 Draht<\/p>\n","protected":false},"featured_media":14000,"comment_status":"closed","ping_status":"open","template":"","meta":[],"_links":{"self":[{"href":"https:\/\/www.re-elektroshop.at\/index.php?rest_route=\/wp\/v2\/product\/13999"}],"collection":[{"href":"https:\/\/www.re-elektroshop.at\/index.php?rest_route=\/wp\/v2\/product"}],"about":[{"href":"https:\/\/www.re-elektroshop.at\/index.php?rest_route=\/wp\/v2\/types\/product"}],"replies":[{"embeddable":true,"href":"https:\/\/www.re-elektroshop.at\/index.php?rest_route=%2Fwp%2Fv2%2Fcomments&post=13999"}],"wp:featuredmedia":[{"embeddable":true,"href":"https:\/\/www.re-elektroshop.at\/index.php?rest_route=\/wp\/v2\/media\/14000"}],"wp:attachment":[{"href":"https:\/\/www.re-elektroshop.at\/index.php?rest_route=%2Fwp%2Fv2%2Fmedia&parent=13999"}],"curies":[{"name":"wp","href":"https:\/\/api.w.org\/{rel}","templated":true}]}}