{"id":14201,"date":"2021-02-27T10:48:45","date_gmt":"2021-02-27T09:48:45","guid":{"rendered":"http:\/\/www.re-elektroshop.at\/?product=evn-up-verteiler-3u-24-verdrahtet-mit-steckleiste-gruen"},"modified":"2021-02-27T10:48:45","modified_gmt":"2021-02-27T09:48:45","slug":"evn-up-verteiler-3u-24-verdrahtet-mit-steckleiste-gruen","status":"publish","type":"product","link":"https:\/\/www.re-elektroshop.at\/?product=evn-up-verteiler-3u-24-verdrahtet-mit-steckleiste-gruen","title":{"rendered":"EVN UP-Verteiler 3U-24, verdrahtet, mit Steckleiste gr\u00fcn"},"content":{"rendered":"<p>IL994324-A<\/p>\n<p>Z\u00e4hlerverteiler Netz N\u00d6\/EVN, AP oder UP, 3 Z\u00e4hlerpl\u00e4tze, best\u00fcckt und vorverdrahtet &#8211; StahlblechNieder\u00f6sterreich<\/p>\n","protected":false},"excerpt":{"rendered":"<p>IL994324-A Z\u00e4hlerverteiler Netz N\u00d6\/EVN, AP oder UP, 3 Z\u00e4hlerpl\u00e4tze, best\u00fcckt und vorverdrahtet &#8211; StahlblechNieder\u00f6sterreich<\/p>\n","protected":false},"featured_media":14202,"comment_status":"closed","ping_status":"open","template":"","meta":[],"_links":{"self":[{"href":"https:\/\/www.re-elektroshop.at\/index.php?rest_route=\/wp\/v2\/product\/14201"}],"collection":[{"href":"https:\/\/www.re-elektroshop.at\/index.php?rest_route=\/wp\/v2\/product"}],"about":[{"href":"https:\/\/www.re-elektroshop.at\/index.php?rest_route=\/wp\/v2\/types\/product"}],"replies":[{"embeddable":true,"href":"https:\/\/www.re-elektroshop.at\/index.php?rest_route=%2Fwp%2Fv2%2Fcomments&post=14201"}],"wp:featuredmedia":[{"embeddable":true,"href":"https:\/\/www.re-elektroshop.at\/index.php?rest_route=\/wp\/v2\/media\/14202"}],"wp:attachment":[{"href":"https:\/\/www.re-elektroshop.at\/index.php?rest_route=%2Fwp%2Fv2%2Fmedia&parent=14201"}],"curies":[{"name":"wp","href":"https:\/\/api.w.org\/{rel}","templated":true}]}}