{"id":14205,"date":"2021-02-27T10:48:56","date_gmt":"2021-02-27T09:48:56","guid":{"rendered":"http:\/\/www.re-elektroshop.at\/?product=evn-ap-verteiler-3a-24-verdrahtet-steckleiste-gruen-ral7035"},"modified":"2021-02-27T10:48:56","modified_gmt":"2021-02-27T09:48:56","slug":"evn-ap-verteiler-3a-24-verdrahtet-steckleiste-gruen-ral7035","status":"publish","type":"product","link":"https:\/\/www.re-elektroshop.at\/?product=evn-ap-verteiler-3a-24-verdrahtet-steckleiste-gruen-ral7035","title":{"rendered":"EVN-AP-Verteiler 3A-24, verdrahtet Steckleiste gr\u00fcn, RAL7035"},"content":{"rendered":"<p>IL990324&#8211;<\/p>\n<p>Z\u00e4hlerverteiler Netz N\u00d6\/EVN, AP oder UP, 3 Z\u00e4hlerpl\u00e4tze, best\u00fcckt und vorverdrahtet &#8211; StahlblechNieder\u00f6sterreich<\/p>\n","protected":false},"excerpt":{"rendered":"<p>IL990324&#8211; Z\u00e4hlerverteiler Netz N\u00d6\/EVN, AP oder UP, 3 Z\u00e4hlerpl\u00e4tze, best\u00fcckt und vorverdrahtet &#8211; StahlblechNieder\u00f6sterreich<\/p>\n","protected":false},"featured_media":14206,"comment_status":"closed","ping_status":"open","template":"","meta":[],"_links":{"self":[{"href":"https:\/\/www.re-elektroshop.at\/index.php?rest_route=\/wp\/v2\/product\/14205"}],"collection":[{"href":"https:\/\/www.re-elektroshop.at\/index.php?rest_route=\/wp\/v2\/product"}],"about":[{"href":"https:\/\/www.re-elektroshop.at\/index.php?rest_route=\/wp\/v2\/types\/product"}],"replies":[{"embeddable":true,"href":"https:\/\/www.re-elektroshop.at\/index.php?rest_route=%2Fwp%2Fv2%2Fcomments&post=14205"}],"wp:featuredmedia":[{"embeddable":true,"href":"https:\/\/www.re-elektroshop.at\/index.php?rest_route=\/wp\/v2\/media\/14206"}],"wp:attachment":[{"href":"https:\/\/www.re-elektroshop.at\/index.php?rest_route=%2Fwp%2Fv2%2Fmedia&parent=14205"}],"curies":[{"name":"wp","href":"https:\/\/api.w.org\/{rel}","templated":true}]}}