{"id":14510,"date":"2021-02-27T10:56:13","date_gmt":"2021-02-27T09:56:13","guid":{"rendered":"http:\/\/www.re-elektroshop.at\/?product=metall-anschlussdose-fuer-ip-kamera-spcams02fa-weiss"},"modified":"2021-02-27T10:56:13","modified_gmt":"2021-02-27T09:56:13","slug":"metall-anschlussdose-fuer-ip-kamera-spcams02fa-weiss","status":"publish","type":"product","link":"https:\/\/www.re-elektroshop.at\/?product=metall-anschlussdose-fuer-ip-kamera-spcams02fa-weiss","title":{"rendered":"Metall-Anschlussdose f\u00fcr IP Kamera SPCAMS02FA, wei\u00df"},"content":{"rendered":"<p>SPBSFIX66A<\/p>\n<p>Externe Kamera f\u00fcr VIPZubeh\u00f6r f\u00fcr IP-Sprechanlagen VIP<\/p>\n","protected":false},"excerpt":{"rendered":"<p>SPBSFIX66A Externe Kamera f\u00fcr VIPZubeh\u00f6r f\u00fcr IP-Sprechanlagen VIP<\/p>\n","protected":false},"featured_media":14511,"comment_status":"closed","ping_status":"open","template":"","meta":[],"_links":{"self":[{"href":"https:\/\/www.re-elektroshop.at\/index.php?rest_route=\/wp\/v2\/product\/14510"}],"collection":[{"href":"https:\/\/www.re-elektroshop.at\/index.php?rest_route=\/wp\/v2\/product"}],"about":[{"href":"https:\/\/www.re-elektroshop.at\/index.php?rest_route=\/wp\/v2\/types\/product"}],"replies":[{"embeddable":true,"href":"https:\/\/www.re-elektroshop.at\/index.php?rest_route=%2Fwp%2Fv2%2Fcomments&post=14510"}],"wp:featuredmedia":[{"embeddable":true,"href":"https:\/\/www.re-elektroshop.at\/index.php?rest_route=\/wp\/v2\/media\/14511"}],"wp:attachment":[{"href":"https:\/\/www.re-elektroshop.at\/index.php?rest_route=%2Fwp%2Fv2%2Fmedia&parent=14510"}],"curies":[{"name":"wp","href":"https:\/\/api.w.org\/{rel}","templated":true}]}}