{"id":15633,"date":"2021-02-27T12:20:17","date_gmt":"2021-02-27T11:20:17","guid":{"rendered":"http:\/\/www.re-elektroshop.at\/?product=huelse-fuer-300mm%c2%b2-verdichteten-leiterverzinktdin-ausfuehrung"},"modified":"2021-02-27T12:20:17","modified_gmt":"2021-02-27T11:20:17","slug":"huelse-fuer-300mm%c2%b2-verdichteten-leiterverzinktdin-ausfuehrung","status":"publish","type":"product","link":"https:\/\/www.re-elektroshop.at\/?product=huelse-fuer-300mm%c2%b2-verdichteten-leiterverzinktdin-ausfuehrung","title":{"rendered":"H\u00fclse f\u00fcr 300mm\u00b2 verdichteten Leiter,verzinkt,DIN-Ausf\u00fchrung"},"content":{"rendered":"<p>XCVHD300&#8211;<\/p>\n<p>H\u00fclse f\u00fcr verdichtete LeiterPresskabelschuh &#038; Kabelzubeh\u00f6r<\/p>\n","protected":false},"excerpt":{"rendered":"<p>XCVHD300&#8211; H\u00fclse f\u00fcr verdichtete LeiterPresskabelschuh &#038; Kabelzubeh\u00f6r<\/p>\n","protected":false},"featured_media":15634,"comment_status":"closed","ping_status":"open","template":"","meta":[],"_links":{"self":[{"href":"https:\/\/www.re-elektroshop.at\/index.php?rest_route=\/wp\/v2\/product\/15633"}],"collection":[{"href":"https:\/\/www.re-elektroshop.at\/index.php?rest_route=\/wp\/v2\/product"}],"about":[{"href":"https:\/\/www.re-elektroshop.at\/index.php?rest_route=\/wp\/v2\/types\/product"}],"replies":[{"embeddable":true,"href":"https:\/\/www.re-elektroshop.at\/index.php?rest_route=%2Fwp%2Fv2%2Fcomments&post=15633"}],"wp:featuredmedia":[{"embeddable":true,"href":"https:\/\/www.re-elektroshop.at\/index.php?rest_route=\/wp\/v2\/media\/15634"}],"wp:attachment":[{"href":"https:\/\/www.re-elektroshop.at\/index.php?rest_route=%2Fwp%2Fv2%2Fmedia&parent=15633"}],"curies":[{"name":"wp","href":"https:\/\/api.w.org\/{rel}","templated":true}]}}