{"id":16133,"date":"2021-02-27T12:33:39","date_gmt":"2021-02-27T11:33:39","guid":{"rendered":"http:\/\/www.re-elektroshop.at\/?product=zentralplatte-fuer-schluesselschalter-perlweiss"},"modified":"2021-02-27T12:33:39","modified_gmt":"2021-02-27T11:33:39","slug":"zentralplatte-fuer-schluesselschalter-perlweiss","status":"publish","type":"product","link":"https:\/\/www.re-elektroshop.at\/?product=zentralplatte-fuer-schluesselschalter-perlweiss","title":{"rendered":"Zentralplatte f\u00fcr Schl\u00fcsselschalter, perlwei\u00df"},"content":{"rendered":"<p>EL203030&#8211;<\/p>\n<p>Sonstige ZentralplattenELSO Fl\u00e4chenschalter &#8211; Design Scala<\/p>\n","protected":false},"excerpt":{"rendered":"<p>EL203030&#8211; Sonstige ZentralplattenELSO Fl\u00e4chenschalter &#8211; Design Scala<\/p>\n","protected":false},"featured_media":16134,"comment_status":"closed","ping_status":"open","template":"","meta":[],"_links":{"self":[{"href":"https:\/\/www.re-elektroshop.at\/index.php?rest_route=\/wp\/v2\/product\/16133"}],"collection":[{"href":"https:\/\/www.re-elektroshop.at\/index.php?rest_route=\/wp\/v2\/product"}],"about":[{"href":"https:\/\/www.re-elektroshop.at\/index.php?rest_route=\/wp\/v2\/types\/product"}],"replies":[{"embeddable":true,"href":"https:\/\/www.re-elektroshop.at\/index.php?rest_route=%2Fwp%2Fv2%2Fcomments&post=16133"}],"wp:featuredmedia":[{"embeddable":true,"href":"https:\/\/www.re-elektroshop.at\/index.php?rest_route=\/wp\/v2\/media\/16134"}],"wp:attachment":[{"href":"https:\/\/www.re-elektroshop.at\/index.php?rest_route=%2Fwp%2Fv2%2Fmedia&parent=16133"}],"curies":[{"name":"wp","href":"https:\/\/api.w.org\/{rel}","templated":true}]}}