{"id":16219,"date":"2021-02-27T12:35:35","date_gmt":"2021-02-27T11:35:35","guid":{"rendered":"http:\/\/www.re-elektroshop.at\/?product=stossverbinder-t-form-16mm%c2%b2-fuer-doppelte-nulleiterfuehrung"},"modified":"2021-02-27T12:35:35","modified_gmt":"2021-02-27T11:35:35","slug":"stossverbinder-t-form-16mm%c2%b2-fuer-doppelte-nulleiterfuehrung","status":"publish","type":"product","link":"https:\/\/www.re-elektroshop.at\/?product=stossverbinder-t-form-16mm%c2%b2-fuer-doppelte-nulleiterfuehrung","title":{"rendered":"Sto\u00dfverbinder T-Form 16mm\u00b2 f\u00fcr doppelte Nulleiterf\u00fchrung"},"content":{"rendered":"<p>XCZ20016&#8211;<\/p>\n<p>Zubeh\u00f6r f\u00fcr Z\u00e4hlerger\u00fcste Wien EnergieWien<\/p>\n","protected":false},"excerpt":{"rendered":"<p>XCZ20016&#8211; Zubeh\u00f6r f\u00fcr Z\u00e4hlerger\u00fcste Wien EnergieWien<\/p>\n","protected":false},"featured_media":16220,"comment_status":"closed","ping_status":"open","template":"","meta":[],"_links":{"self":[{"href":"https:\/\/www.re-elektroshop.at\/index.php?rest_route=\/wp\/v2\/product\/16219"}],"collection":[{"href":"https:\/\/www.re-elektroshop.at\/index.php?rest_route=\/wp\/v2\/product"}],"about":[{"href":"https:\/\/www.re-elektroshop.at\/index.php?rest_route=\/wp\/v2\/types\/product"}],"replies":[{"embeddable":true,"href":"https:\/\/www.re-elektroshop.at\/index.php?rest_route=%2Fwp%2Fv2%2Fcomments&post=16219"}],"wp:featuredmedia":[{"embeddable":true,"href":"https:\/\/www.re-elektroshop.at\/index.php?rest_route=\/wp\/v2\/media\/16220"}],"wp:attachment":[{"href":"https:\/\/www.re-elektroshop.at\/index.php?rest_route=%2Fwp%2Fv2%2Fmedia&parent=16219"}],"curies":[{"name":"wp","href":"https:\/\/api.w.org\/{rel}","templated":true}]}}