{"id":16225,"date":"2021-02-27T12:35:40","date_gmt":"2021-02-27T11:35:40","guid":{"rendered":"http:\/\/www.re-elektroshop.at\/?product=stahlblechtuere-rechts-fuer-2-tuer-schrank-h2000-b400mm"},"modified":"2021-02-27T12:35:40","modified_gmt":"2021-02-27T11:35:40","slug":"stahlblechtuere-rechts-fuer-2-tuer-schrank-h2000-b400mm","status":"publish","type":"product","link":"https:\/\/www.re-elektroshop.at\/?product=stahlblechtuere-rechts-fuer-2-tuer-schrank-h2000-b400mm","title":{"rendered":"Stahlblecht\u00fcre rechts f\u00fcr 2-T\u00fcr Schrank, H=2000 B=400mm"},"content":{"rendered":"<p>ACBT2004R5<\/p>\n<p>Stahlblecht\u00fcren RAL7035Zubeh\u00f6r f\u00fcr Anreihschr\u00e4nke AC<\/p>\n","protected":false},"excerpt":{"rendered":"<p>ACBT2004R5 Stahlblecht\u00fcren RAL7035Zubeh\u00f6r f\u00fcr Anreihschr\u00e4nke AC<\/p>\n","protected":false},"featured_media":16226,"comment_status":"closed","ping_status":"open","template":"","meta":[],"_links":{"self":[{"href":"https:\/\/www.re-elektroshop.at\/index.php?rest_route=\/wp\/v2\/product\/16225"}],"collection":[{"href":"https:\/\/www.re-elektroshop.at\/index.php?rest_route=\/wp\/v2\/product"}],"about":[{"href":"https:\/\/www.re-elektroshop.at\/index.php?rest_route=\/wp\/v2\/types\/product"}],"replies":[{"embeddable":true,"href":"https:\/\/www.re-elektroshop.at\/index.php?rest_route=%2Fwp%2Fv2%2Fcomments&post=16225"}],"wp:featuredmedia":[{"embeddable":true,"href":"https:\/\/www.re-elektroshop.at\/index.php?rest_route=\/wp\/v2\/media\/16226"}],"wp:attachment":[{"href":"https:\/\/www.re-elektroshop.at\/index.php?rest_route=%2Fwp%2Fv2%2Fmedia&parent=16225"}],"curies":[{"name":"wp","href":"https:\/\/api.w.org\/{rel}","templated":true}]}}