{"id":16229,"date":"2021-02-27T12:35:44","date_gmt":"2021-02-27T11:35:44","guid":{"rendered":"http:\/\/www.re-elektroshop.at\/?product=stahlblechtuere-rechts-fuer-2-tuer-schrank-h2000-b500mm"},"modified":"2021-02-27T12:35:44","modified_gmt":"2021-02-27T11:35:44","slug":"stahlblechtuere-rechts-fuer-2-tuer-schrank-h2000-b500mm","status":"publish","type":"product","link":"https:\/\/www.re-elektroshop.at\/?product=stahlblechtuere-rechts-fuer-2-tuer-schrank-h2000-b500mm","title":{"rendered":"Stahlblecht\u00fcre rechts f\u00fcr 2-T\u00fcr Schrank, H=2000 B=500mm"},"content":{"rendered":"<p>ACBT2005R5<\/p>\n<p>Stahlblecht\u00fcren RAL7035Zubeh\u00f6r f\u00fcr Anreihschr\u00e4nke AC<\/p>\n","protected":false},"excerpt":{"rendered":"<p>ACBT2005R5 Stahlblecht\u00fcren RAL7035Zubeh\u00f6r f\u00fcr Anreihschr\u00e4nke AC<\/p>\n","protected":false},"featured_media":16230,"comment_status":"closed","ping_status":"open","template":"","meta":[],"_links":{"self":[{"href":"https:\/\/www.re-elektroshop.at\/index.php?rest_route=\/wp\/v2\/product\/16229"}],"collection":[{"href":"https:\/\/www.re-elektroshop.at\/index.php?rest_route=\/wp\/v2\/product"}],"about":[{"href":"https:\/\/www.re-elektroshop.at\/index.php?rest_route=\/wp\/v2\/types\/product"}],"replies":[{"embeddable":true,"href":"https:\/\/www.re-elektroshop.at\/index.php?rest_route=%2Fwp%2Fv2%2Fcomments&post=16229"}],"wp:featuredmedia":[{"embeddable":true,"href":"https:\/\/www.re-elektroshop.at\/index.php?rest_route=\/wp\/v2\/media\/16230"}],"wp:attachment":[{"href":"https:\/\/www.re-elektroshop.at\/index.php?rest_route=%2Fwp%2Fv2%2Fmedia&parent=16229"}],"curies":[{"name":"wp","href":"https:\/\/api.w.org\/{rel}","templated":true}]}}