{"id":16261,"date":"2021-02-27T12:36:31","date_gmt":"2021-02-27T11:36:31","guid":{"rendered":"http:\/\/www.re-elektroshop.at\/?product=nachruestsatz-3uea-zno-fuer-kvs-e-f3-u-e3h"},"modified":"2021-02-27T12:36:31","modified_gmt":"2021-02-27T11:36:31","slug":"nachruestsatz-3uea-zno-fuer-kvs-e-f3-u-e3h","status":"publish","type":"product","link":"https:\/\/www.re-elektroshop.at\/?product=nachruestsatz-3uea-zno-fuer-kvs-e-f3-u-e3h","title":{"rendered":"Nachr\u00fcstsatz 3\u00dcA (ZnO) f\u00fcr KVS E\/F3 u. E3H"},"content":{"rendered":"<p>IG796372&#8211;<\/p>\n<p>Elsta MosdorferVerteiler lokale EVUs<\/p>\n","protected":false},"excerpt":{"rendered":"<p>IG796372&#8211; Elsta MosdorferVerteiler lokale EVUs<\/p>\n","protected":false},"featured_media":16262,"comment_status":"closed","ping_status":"open","template":"","meta":[],"_links":{"self":[{"href":"https:\/\/www.re-elektroshop.at\/index.php?rest_route=\/wp\/v2\/product\/16261"}],"collection":[{"href":"https:\/\/www.re-elektroshop.at\/index.php?rest_route=\/wp\/v2\/product"}],"about":[{"href":"https:\/\/www.re-elektroshop.at\/index.php?rest_route=\/wp\/v2\/types\/product"}],"replies":[{"embeddable":true,"href":"https:\/\/www.re-elektroshop.at\/index.php?rest_route=%2Fwp%2Fv2%2Fcomments&post=16261"}],"wp:featuredmedia":[{"embeddable":true,"href":"https:\/\/www.re-elektroshop.at\/index.php?rest_route=\/wp\/v2\/media\/16262"}],"wp:attachment":[{"href":"https:\/\/www.re-elektroshop.at\/index.php?rest_route=%2Fwp%2Fv2%2Fmedia&parent=16261"}],"curies":[{"name":"wp","href":"https:\/\/api.w.org\/{rel}","templated":true}]}}