{"id":16316,"date":"2021-02-27T12:37:47","date_gmt":"2021-02-27T11:37:47","guid":{"rendered":"http:\/\/www.re-elektroshop.at\/?product=zentralplatte-fuer-befehlsgeraete-mit-225mm-loch-perlweiss"},"modified":"2021-02-27T12:37:47","modified_gmt":"2021-02-27T11:37:47","slug":"zentralplatte-fuer-befehlsgeraete-mit-225mm-loch-perlweiss","status":"publish","type":"product","link":"https:\/\/www.re-elektroshop.at\/?product=zentralplatte-fuer-befehlsgeraete-mit-225mm-loch-perlweiss","title":{"rendered":"Zentralplatte f\u00fcr Befehlsger\u00e4te mit 22,5mm Loch, perlwei\u00df"},"content":{"rendered":"<p>EL203060&#8211;<\/p>\n<p>Sonstige ZentralplattenELSO Fl\u00e4chenschalter &#8211; Design Scala<\/p>\n","protected":false},"excerpt":{"rendered":"<p>EL203060&#8211; Sonstige ZentralplattenELSO Fl\u00e4chenschalter &#8211; Design Scala<\/p>\n","protected":false},"featured_media":16317,"comment_status":"closed","ping_status":"open","template":"","meta":[],"_links":{"self":[{"href":"https:\/\/www.re-elektroshop.at\/index.php?rest_route=\/wp\/v2\/product\/16316"}],"collection":[{"href":"https:\/\/www.re-elektroshop.at\/index.php?rest_route=\/wp\/v2\/product"}],"about":[{"href":"https:\/\/www.re-elektroshop.at\/index.php?rest_route=\/wp\/v2\/types\/product"}],"replies":[{"embeddable":true,"href":"https:\/\/www.re-elektroshop.at\/index.php?rest_route=%2Fwp%2Fv2%2Fcomments&post=16316"}],"wp:featuredmedia":[{"embeddable":true,"href":"https:\/\/www.re-elektroshop.at\/index.php?rest_route=\/wp\/v2\/media\/16317"}],"wp:attachment":[{"href":"https:\/\/www.re-elektroshop.at\/index.php?rest_route=%2Fwp%2Fv2%2Fmedia&parent=16316"}],"curies":[{"name":"wp","href":"https:\/\/api.w.org\/{rel}","templated":true}]}}