{"id":16328,"date":"2021-02-27T12:38:00","date_gmt":"2021-02-27T11:38:00","guid":{"rendered":"http:\/\/www.re-elektroshop.at\/?product=nachruestsatz-3uea-zno-fuer-kvs-e-f4-u-e-f5"},"modified":"2021-02-27T12:38:00","modified_gmt":"2021-02-27T11:38:00","slug":"nachruestsatz-3uea-zno-fuer-kvs-e-f4-u-e-f5","status":"publish","type":"product","link":"https:\/\/www.re-elektroshop.at\/?product=nachruestsatz-3uea-zno-fuer-kvs-e-f4-u-e-f5","title":{"rendered":"Nachr\u00fcstsatz 3\u00dcA (ZnO) f\u00fcr KVS E\/F4 u. E\/F5"},"content":{"rendered":"<p>IG796373&#8211;<\/p>\n<p>Elsta MosdorferVerteiler lokale EVUs<\/p>\n","protected":false},"excerpt":{"rendered":"<p>IG796373&#8211; Elsta MosdorferVerteiler lokale EVUs<\/p>\n","protected":false},"featured_media":16329,"comment_status":"closed","ping_status":"open","template":"","meta":[],"_links":{"self":[{"href":"https:\/\/www.re-elektroshop.at\/index.php?rest_route=\/wp\/v2\/product\/16328"}],"collection":[{"href":"https:\/\/www.re-elektroshop.at\/index.php?rest_route=\/wp\/v2\/product"}],"about":[{"href":"https:\/\/www.re-elektroshop.at\/index.php?rest_route=\/wp\/v2\/types\/product"}],"replies":[{"embeddable":true,"href":"https:\/\/www.re-elektroshop.at\/index.php?rest_route=%2Fwp%2Fv2%2Fcomments&post=16328"}],"wp:featuredmedia":[{"embeddable":true,"href":"https:\/\/www.re-elektroshop.at\/index.php?rest_route=\/wp\/v2\/media\/16329"}],"wp:attachment":[{"href":"https:\/\/www.re-elektroshop.at\/index.php?rest_route=%2Fwp%2Fv2%2Fmedia&parent=16328"}],"curies":[{"name":"wp","href":"https:\/\/api.w.org\/{rel}","templated":true}]}}